{"id":1820,"date":"2023-05-28T09:50:04","date_gmt":"2023-05-28T03:50:04","guid":{"rendered":"https:\/\/altaymountainlodge.com\/terms-conditions\/"},"modified":"2024-07-20T15:34:17","modified_gmt":"2024-07-20T09:34:17","slug":"terms-conditions","status":"publish","type":"page","link":"https:\/\/altaymountainlodge.com\/fr\/terms-conditions\/","title":{"rendered":"Termes et Conditions"},"content":{"rendered":"\n<p><em><em>Mise \u00e0 jour : 24 juillet 2023.<\/em><\/em><\/p>\n\n\n\n<p><em>Ceci est une traduction du <a href=\"https:\/\/altaymountainlodge.com\/terms-conditions\/\">document original<\/a>, \u00e0 titre informatif.<\/em><\/p>\n\n\n\n<p>Altay Mountain Lodge LLP.<\/p>\n\n\n\n<p><strong>TERMES ET CONDITIONS G\u00c9N\u00c9RALES D&rsquo;ENTREPRISE<\/strong><\/p>\n\n\n\n<p>Altay Mountain Lodge LLP est l&rsquo;organisateur des sejours de ski d\u00e9crits sur nos sites web.<br>Note : Le terme \u00ab\u00a0ski\u00a0\u00bb inclut le snowboard et le telemark.<\/p>\n\n\n\n<h5 class=\"wp-block-heading\">POLITIQUES ET CONDITIONS D&rsquo;INSCRIPTION<\/h5>\n\n\n\n<p>En soumettant un formulaire d&rsquo;inscription en ligne et en payant les arrhes, le client conclut un accord avec Altay Mountain Lodge. Le formulaire d&rsquo;inscription compl\u00e9t\u00e9 ainsi que les termes et conditions, le sejour de ski choisi ou le devis, ainsi que les prix et les dates, constituent un accord l\u00e9galement contraignant entre Altay Mountain Lodge LLP et le client.<\/p>\n\n\n\n<h5 class=\"wp-block-heading\">PRIX<\/h5>\n\n\n\n<p>Les prix sont en euros (EUR).<br>Tous les prix sont sujets \u00e0 modification sans pr\u00e9avis.<br>Si vous avez d\u00e9j\u00e0 r\u00e9serv\u00e9 le voyage et pay\u00e9 des arrhes\/le solde, toute modification de prix ne peut \u00eatre appliqu\u00e9e.<\/p>\n\n\n\n<h5 class=\"wp-block-heading\">LES ARRHES, INSCRIPTION ET PAIEMENT<\/h5>\n\n\n\n<p>Chaque client doit lire attentivement les termes et conditions ainsi que les informations sur notre site web. Cela garantira une compr\u00e9hension compl\u00e8te de ce qu&rsquo;implique le s\u00e9jour de ski.<br>Veuillez nous contacter par e-mail pour r\u00e9server une place pour l&rsquo;un de nos sejours de ski. Des arrhes non remboursables et un formulaire d&rsquo;inscription compl\u00e9t\u00e9 sont requis dans les 7 jours suivant la date de r\u00e9servation pour confirmer votre r\u00e9servation.<br>Les arrhes est de 30 % du prix total de votre sejour. Le montant exact sera calcul\u00e9 et renvoy\u00e9 au client en r\u00e9ponse \u00e0 sa demande de r\u00e9servation initiale.<br>Pour s\u00e9curiser votre place, le paiement final est requis 60 jours avant le d\u00e9but de votre sejour. Si vous r\u00e9servez moins de 60 jours avant le d\u00e9but du sejour de ski, le paiement final est d\u00fb pour confirmer et s\u00e9curiser la place.<\/p>\n\n\n\n<h5 class=\"wp-block-heading\">REMBOURSEMENTS<\/h5>\n\n\n\n<p>Tous les sejours de ski commencent et se terminent aux dates sp\u00e9cifi\u00e9es et sont propos\u00e9s en tant que sejour de ski complet. Aucun remboursement, partiel ou int\u00e9gral, n&rsquo;est accord\u00e9 pour l&rsquo;une des raisons suivantes :<\/p>\n\n\n\n<ul class=\"wp-block-list\">\n<li>Arriv\u00e9e tardive ou d\u00e9part anticip\u00e9 pour quelque raison que ce soit.<\/li>\n\n\n\n<li>Vols manqu\u00e9s.<\/li>\n\n\n\n<li>Documents de voyage perdus ou d\u00e9truits.<\/li>\n\n\n\n<li>Mat\u00e9riel personnel perdu ou d\u00e9truit.<\/li>\n\n\n\n<li>Maladie ou blessure.<\/li>\n\n\n\n<li>Manque d&rsquo;aptitude ou de condition physique pour skier.<\/li>\n\n\n\n<li>Toute autre raison ind\u00e9pendante du contr\u00f4le d&rsquo;Altay Mountain Lodge LLP.<\/li>\n<\/ul>\n\n\n\n<h5 class=\"wp-block-heading\">ANNULATIONS<\/h5>\n\n\n\n<p><strong>Annulation par le client<\/strong>.<br>Le client peut annuler le voyage \u00e0 tout moment. Les annulations doivent \u00eatre faites par e-mail. Les annulations ne sont effectives qu&rsquo;une fois que votre notification est re\u00e7ue par le bureau d&rsquo;Altay Mountain Lodge LLP.<br>Nous vous demandons de bien lire et de prendre en consid\u00e9ration la politique de r\u00e9servation et d&rsquo;annulation avant de r\u00e9server, car nous prenons des engagements financiers envers notre personnel et d&rsquo;autres prestataires une fois que vous avez r\u00e9serv\u00e9 et que nous avons confirm\u00e9 un voyage. Nous prenons votre r\u00e9servation de bonne foi et commen\u00e7ons \u00e0 engager des co\u00fbts d\u00e8s la confirmation.<br>Une annulation plus de 60 jours avant la date de d\u00e9but du sejour entra\u00eenera la perte des arrhes non-remboursables. Si l&rsquo;annulation est re\u00e7ue 60 jours ou moins avant le d\u00e9but du sejour confirm\u00e9, le prix total du voyage est d\u00fb et non remboursable.<br>Si vous ne pouvez pas participer \u00e0 votre sejour de ski apr\u00e8s la date de paiement final, le sejour de ski est transf\u00e9rable \u00e0 une autre personne. Si vous ou nous trouvons quelqu&rsquo;un d&rsquo;autre \u00e0 votre place, nous vous la totalit\u00e9 du paiement moins 10% pour les frais administratifs. Le remboursement est effectu\u00e9 uniquement apr\u00e8s r\u00e9ception de montant total du s\u00e9jour envoy\u00e9 par le nouveau client.<\/p>\n\n\n\n<p><strong>Annulation par Altay Mountain Lodge LLP.<\/strong><br>Altay Mountain Lodge a le droit de suspendre ou d&rsquo;arr\u00eater compl\u00e8tement la participation au programme en cas de comportement inappropri\u00e9 de la part du participant, en particulier : non-respect syst\u00e9matique des consignes de s\u00e9curit\u00e9 du guide ou comportement inappropri\u00e9 mettant en danger la s\u00e9curit\u00e9 du groupe. Aucun remboursement n&rsquo;est accord\u00e9 dans cette situation.<br>Altay Mountain Lodge se r\u00e9serve le droit d&rsquo;annuler tout sejour de ski \u00e0 tout moment pour des raisons imp\u00e9ratives. Le montant total de la r\u00e9servation sera imm\u00e9diatement restitu\u00e9. Cependant, nous ne sommes pas responsables des d\u00e9penses annexes engag\u00e9es par le client.<\/p>\n\n\n\n<h5 class=\"wp-block-heading\">PASSEPORTS, VISAS ET EXIGENCES DE SANT\u00c9<\/h5>\n\n\n\n<p>Il est de votre responsabilit\u00e9 d&rsquo;avoir en ordre les visas, les passeports et autres documents de voyage avant le d\u00e9part. Dans le cas o\u00f9 Altay Mountain Lodge LLP accepte d\u2019assurer la liaison avec le consulat ou l&rsquo;ambassade appropri\u00e9(e) afin d\u2019obtenir les permis ou visas n\u00e9cessaires pour votre voyage, il ne peut pas \u00eatre tenu responsable des d\u00e9cisions, actions, pertes ou retards li\u00e9s \u00e0 la demande ou \u00e0 l&rsquo;octroi de tels permis ou visas et de l&rsquo;effet cons\u00e9quent que cela pourrait en d\u00e9couler sur le voyage..<br>Votre m\u00e9decin doit vous informer de tout probl\u00e8me de sant\u00e9 qui pourrait affecter votre participation au programme. Il est indispensable de divulguer toute condition m\u00e9dicale qui pourrait mettre en danger votre s\u00e9curit\u00e9, celle de votre guide ou des autres participants.<\/p>\n\n\n\n<h5 class=\"wp-block-heading\">ASSURANCE<\/h5>\n\n\n\n<p>En cas d&rsquo;urgence peu probable, les participants peuvent, selon la localisation du programme, \u00eatre tenus responsables des frais de recherche ou d&rsquo;\u00e9vacuation engag\u00e9s en leur nom ou \u00e0 la suite de leurs actions. Pour \u00e9viter ces co\u00fbts, chaque participant doit avoir une assurance de frais m\u00e9dicaux d&rsquo;urgence. Cette assurance devrait couvrir la pratique d&rsquo;activit\u00e9s sportives, notamment le ski, le snowboard, le ski de randonn\u00e9e et l&rsquo;h\u00e9liski, et inclure l&rsquo;\u00e9vacuation en h\u00e9licopt\u00e8re en cas d&rsquo;urgence.<br>Pour votre tranquillit\u00e9 d&rsquo;esprit et pour \u00e9viter les difficult\u00e9s financi\u00e8res qu&rsquo;une annulation ou une interruption impr\u00e9vue pourrait entra\u00eener, nous vous recommandons vivement de souscrire une assurance annulation\/interruption de voyage.<br>Vous devez nous fournir les d\u00e9tails de votre assurance avant votre voyage.<\/p>\n\n\n\n<h5 class=\"wp-block-heading\">CONDITIONS M\u00c9T\u00c9OROLOGIQUES ET CONDITIONS EN MONTAGNE<\/h5>\n\n\n\n<p>La m\u00e9t\u00e9o en montagne est impr\u00e9visible en toutes saisons et constitue un facteur constant qui influence les d\u00e9cisions que nous prenons avant et pendant nos programmes. Il ne serait pas pratique pour nous de rembourser chaque situation o\u00f9 nos clients n&rsquo;obtiennent pas les conditions m\u00e9t\u00e9orologiques qu&rsquo;ils esp\u00e8rent, et nous faisons tout notre possible pour \u00e9laborer des plans alternatifs. Si vous avez un objectif particulier en t\u00eate (comme un sommet ou un itin\u00e9raire), nous ne pouvons pas garantir que les conditions ou la m\u00e9t\u00e9o permettront d\u2019atteindre de cet objectif. Nous travaillerons avec diligence pour vous offrir la meilleure exp\u00e9rience possible dans les conditions du moment.<\/p>\n\n\n\n<h5 class=\"wp-block-heading\">RESPONSABILIT\u00c9<\/h5>\n\n\n\n<p>La participation \u00e0 des activit\u00e9s en milieu sauvage comporte de nombreux risques, dangers et p\u00e9rils. Les avalanches se produisent fr\u00e9quemment dans le terrain utilis\u00e9 pour les activit\u00e9s en milieu sauvage et peuvent \u00eatre d\u00e9clench\u00e9es par des forces naturelles ou par des personnes se d\u00e9pla\u00e7ant \u00e0 travers le terrain. Le client doit \u00eatre conscient qu&rsquo;Altay Mountain Lodge LLP, leurs guides et employ\u00e9s peuvent peuvent se tromper dans leur estimation sur la dangerosit\u00e9 du terrain et\/ou sur le risque d\u2019avalanche. Le terrain utilis\u00e9 pour les activit\u00e9s en milieu sauvage n&rsquo;est pas contr\u00f4l\u00e9, non balis\u00e9, non inspect\u00e9 et comporte de nombreux risques, dangers et p\u00e9rils, en plus de celui des avalanches. Cela peut inclure, mais sans s&rsquo;y limiter : corniches ; crevasses ; falaises ; arbres, cavit\u00e9s sous les arbres ; souches d&rsquo;arbres ; arbres tomb\u00e9s en for\u00eat ; ruisseaux ; rochers ; chutes de pierres ; blocs ; trous et d\u00e9pressions sur ou sous la surface de la neige ; conditions de neige variables et difficiles a skier ; effets de la haute altitude, y compris l&rsquo;\u0153d\u00e8me pulmonaire et l&rsquo;\u0153d\u00e8me c\u00e9r\u00e9bral ; d\u00e9faillance de l&rsquo;\u00e9quipement ; des contacts avec une flore et une faune dangereuses ou toxiques ; impact ou collision avec d&rsquo;autres personnes ; se perdre ou se s\u00e9parer de son groupe ou de son guide ; n\u00e9gligence d&rsquo;autres personnes ; n\u00e9gligence de la part des op\u00e9rateurs ou de leurs guides et employ\u00e9s, y compris la d\u00e9faillance des op\u00e9rateurs ou de leurs guides, pilotes et employ\u00e9s \u00e0 \u00e0 assurer la s\u00e9curit\u00e9 et \u00e0 prot\u00e9ger le client des risques, dangers et perils du ski en milieu sauvage. La communication en milieu alpin peut \u00eatre difficile, et en cas d&rsquo;accident ou de maladie, la recherche, le traitement m\u00e9dical et l&rsquo;\u00e9vacuation peuvent ne pas \u00eatre disponibles ou peuvent \u00eatre retard\u00e9s. Les conditions m\u00e9t\u00e9orologiques en montagne peuvent devenir extr\u00eames et changer rapidement et sans avertissement. La maladie peut r\u00e9sulter de la difficult\u00e9 accrue \u00e0 maintenir une hygi\u00e8ne personnelle.<br>Le client doit \u00eatre conscient des risques, dangers et perils associ\u00e9s au ski en milieu sauvage, et accepter volontairement et assumer pleinement tous ces risques, dangers et perils, ainsi que la possibilit\u00e9 de blessure personnelle, de d\u00e9c\u00e8s, de dommages mat\u00e9riels ou de perte r\u00e9sultant de ceux-ci.<\/p>\n\n\n\n<h5 class=\"wp-block-heading\">PROBL\u00c8MES ET PLAINTES OU RECLAMATIONS<\/h5>\n\n\n\n<p>Si vous n&rsquo;\u00eates pas satisfait du service ou du logement fourni dans nos programmes, vous devez adresser imm\u00e9diatement votre plainte au repr\u00e9sentant local d&rsquo;Altay Mountain Lodge LLP et, le cas \u00e9ch\u00e9ant, \u00e0 la direction de l&rsquo;h\u00f4tel ou d&rsquo;autres fournisseurs dont les services sont impliqu\u00e9s, afin qu&rsquo;Altay Mountain Lodge LLP ait l&rsquo;occasion de corriger le probl\u00e8me pendant le programme.<br>Si le probl\u00e8me ne peut pas \u00eatre r\u00e9solu localement, vous devez cependant nous \u00e9crire dans les 30 jours suivant votre retour dans le pays de r\u00e9sidence, en fournissant vos informations de r\u00e9servation et tous les d\u00e9tails complets de votre r\u00e9clamation.<\/p>\n\n\n\n<h5 class=\"wp-block-heading\">CAS DE FORCE MAJEURE<\/h5>\n\n\n\n<p>Sauf indication contraire expresse dans les termes et conditions du contrat, Altay Mountain Lodge LLP regrette de ne pas pouvoir accepter la responsabilit\u00e9 ni verser de compensation en cas o\u00f9 l\u2019acquittement ou le prompt acquittement de ses obligations contractuelles est emp\u00each\u00e9 ou affect\u00e9 par un \u00e9v\u00e9nement de \u00ab\u00a0Force majeure\u00a0\u00bb. Dans ces conditions, \u00ab\u00a0Force majeure\u00a0\u00bb signifie tout \u00e9v\u00e9nement qu&rsquo;Altay Mountain Lodge LLP ou le fournisseur du service ne pourrait pas pr\u00e9voir ou \u00e9viter, m\u00eame avec toute la diligence n\u00e9cessaire. De tels \u00e9v\u00e9nements peuvent inclure la guerre ou la menace de guerre, les \u00e9meutes, les troubles civils, les activit\u00e9s terroristes, les conflits industriels, les catastrophes naturelles ou nucl\u00e9aires, les \u00e9pid\u00e9mies, les conditions m\u00e9t\u00e9orologiques d\u00e9favorables, les avalanches, les incendies et tous les \u00e9v\u00e9nements similaires ind\u00e9pendants du contr\u00f4le d&rsquo;Altay Mountain Lodge LLP.<\/p>\n\n\n\n<p>Altay Mountain Lodge LLP<\/p>\n\n\n\n<p>Adresse l\u00e9gale : Auezov St 14\u0410, Almaty, 050026, Kazakhstan.<br>Num\u00e9ro d&rsquo;identification d&rsquo;entreprise : 230840016071<br>Num\u00e9ro de compte : KZ4796502F0016537501<br>Nom de la banque : FORTEBANK JSC<br>SWIFT : IRTYKZKA<br><br>E-mail: <a href=\"mailto:contact@altaymountainlodge.com\">contact@altaymountainlodge.com<\/a> <br>Site web:&nbsp;<a href=\"https:\/\/altaymountainlodge.com\/fr\/\">altaymountainlodge.com<\/a><\/p>\n","protected":false},"excerpt":{"rendered":"<p>Mise \u00e0 jour : 24 juillet 2023. Ceci est une traduction du document original, \u00e0 titre informatif. Altay Mountain Lodge LLP. TERMES ET CONDITIONS G\u00c9N\u00c9RALES D&rsquo;ENTREPRISE Altay Mountain Lodge LLP&#8230;<\/p>\n","protected":false},"author":2,"featured_media":0,"parent":0,"menu_order":0,"comment_status":"closed","ping_status":"closed","template":"","meta":{"_kad_blocks_custom_css":"","_kad_blocks_head_custom_js":"","_kad_blocks_body_custom_js":"","_kad_blocks_footer_custom_js":"","_price":"","_stock":"","_tribe_ticket_header":"","_tribe_default_ticket_provider":"","_tribe_ticket_capacity":"0","_ticket_start_date":"","_ticket_end_date":"","_tribe_ticket_show_description":"","_tribe_ticket_show_not_going":false,"_tribe_ticket_use_global_stock":"","_tribe_ticket_global_stock_level":"","_global_stock_mode":"","_global_stock_cap":"","_tribe_rsvp_for_event":"","_tribe_ticket_going_count":"","_tribe_ticket_not_going_count":"","_tribe_tickets_list":"[]","_tribe_ticket_has_attendee_info_fields":false,"_kadence_starter_templates_imported_post":false,"_kad_post_transparent":"","_kad_post_title":"","_kad_post_layout":"","_kad_post_sidebar_id":"","_kad_post_content_style":"","_kad_post_vertical_padding":"","_kad_post_feature":"","_kad_post_feature_position":"","_kad_post_header":false,"_kad_post_footer":false,"_kad_post_classname":"","footnotes":"","_tec_slr_enabled":"","_tec_slr_layout":""},"class_list":["post-1820","page","type-page","status-publish","hentry"],"yoast_head":"<!-- This site is optimized with the Yoast SEO plugin v27.3 - https:\/\/yoast.com\/product\/yoast-seo-wordpress\/ -->\n<title>Termes et Conditions - Altay Mountain Lodge &amp; Yurts<\/title>\n<meta name=\"robots\" content=\"index, follow, max-snippet:-1, max-image-preview:large, max-video-preview:-1\" \/>\n<link rel=\"canonical\" href=\"https:\/\/altaymountainlodge.com\/terms-conditions\/\" \/>\n<meta property=\"og:locale\" content=\"fr_FR\" \/>\n<meta property=\"og:type\" content=\"article\" \/>\n<meta property=\"og:title\" content=\"Termes et Conditions - Altay Mountain Lodge &amp; Yurts\" \/>\n<meta property=\"og:description\" content=\"Mise \u00e0 jour : 24 juillet 2023. Ceci est une traduction du document original, \u00e0 titre informatif. Altay Mountain Lodge LLP. TERMES ET CONDITIONS G\u00c9N\u00c9RALES D&rsquo;ENTREPRISE Altay Mountain Lodge LLP...\" \/>\n<meta property=\"og:url\" content=\"https:\/\/altaymountainlodge.com\/terms-conditions\/\" \/>\n<meta property=\"og:site_name\" content=\"Altay Mountain Lodge &amp; Yurts\" \/>\n<meta property=\"article:publisher\" content=\"https:\/\/www.facebook.com\/altaylodge\/\" \/>\n<meta property=\"article:modified_time\" content=\"2024-07-20T09:34:17+00:00\" \/>\n<meta property=\"og:image\" content=\"https:\/\/altaymountainlodge.com\/wp-content\/uploads\/2023\/07\/aml_web_27.jpg\" \/>\n\t<meta property=\"og:image:width\" content=\"1500\" \/>\n\t<meta property=\"og:image:height\" content=\"1000\" \/>\n\t<meta property=\"og:image:type\" content=\"image\/jpeg\" \/>\n<meta name=\"twitter:card\" content=\"summary_large_image\" \/>\n<meta name=\"twitter:label1\" content=\"Dur\u00e9e de lecture estim\u00e9e\" \/>\n\t<meta name=\"twitter:data1\" content=\"8 minutes\" \/>\n<script type=\"application\/ld+json\" class=\"yoast-schema-graph\">{\"@context\":\"https:\\\/\\\/schema.org\",\"@graph\":[{\"@type\":\"WebPage\",\"@id\":\"https:\\\/\\\/altaymountainlodge.com\\\/terms-conditions\\\/\",\"url\":\"https:\\\/\\\/altaymountainlodge.com\\\/terms-conditions\\\/\",\"name\":\"Termes et Conditions - Altay Mountain Lodge &amp; Yurts\",\"isPartOf\":{\"@id\":\"https:\\\/\\\/altaymountainlodge.com\\\/#website\"},\"datePublished\":\"2023-05-28T03:50:04+00:00\",\"dateModified\":\"2024-07-20T09:34:17+00:00\",\"breadcrumb\":{\"@id\":\"https:\\\/\\\/altaymountainlodge.com\\\/terms-conditions\\\/#breadcrumb\"},\"inLanguage\":\"fr-FR\",\"potentialAction\":[{\"@type\":\"ReadAction\",\"target\":[\"https:\\\/\\\/altaymountainlodge.com\\\/terms-conditions\\\/\"]}]},{\"@type\":\"BreadcrumbList\",\"@id\":\"https:\\\/\\\/altaymountainlodge.com\\\/terms-conditions\\\/#breadcrumb\",\"itemListElement\":[{\"@type\":\"ListItem\",\"position\":1,\"name\":\"Home\",\"item\":\"https:\\\/\\\/altaymountainlodge.com\\\/fr\\\/\"},{\"@type\":\"ListItem\",\"position\":2,\"name\":\"Termes et Conditions\"}]},{\"@type\":\"WebSite\",\"@id\":\"https:\\\/\\\/altaymountainlodge.com\\\/#website\",\"url\":\"https:\\\/\\\/altaymountainlodge.com\\\/\",\"name\":\"Altay Mountain Lodge &amp; Yurts\",\"description\":\"Exploratory skitouring in the wilderness of Altay Mountains\",\"publisher\":{\"@id\":\"https:\\\/\\\/altaymountainlodge.com\\\/#organization\"},\"potentialAction\":[{\"@type\":\"SearchAction\",\"target\":{\"@type\":\"EntryPoint\",\"urlTemplate\":\"https:\\\/\\\/altaymountainlodge.com\\\/?s={search_term_string}\"},\"query-input\":{\"@type\":\"PropertyValueSpecification\",\"valueRequired\":true,\"valueName\":\"search_term_string\"}}],\"inLanguage\":\"fr-FR\"},{\"@type\":\"Organization\",\"@id\":\"https:\\\/\\\/altaymountainlodge.com\\\/#organization\",\"name\":\"Altay Mountain Lodge &amp; Yurts\",\"url\":\"https:\\\/\\\/altaymountainlodge.com\\\/\",\"logo\":{\"@type\":\"ImageObject\",\"inLanguage\":\"fr-FR\",\"@id\":\"https:\\\/\\\/altaymountainlodge.com\\\/#\\\/schema\\\/logo\\\/image\\\/\",\"url\":\"https:\\\/\\\/altaymountainlodge.com\\\/wp-content\\\/uploads\\\/2023\\\/07\\\/altay-logo-green-1.png\",\"contentUrl\":\"https:\\\/\\\/altaymountainlodge.com\\\/wp-content\\\/uploads\\\/2023\\\/07\\\/altay-logo-green-1.png\",\"width\":297,\"height\":62,\"caption\":\"Altay Mountain Lodge &amp; Yurts\"},\"image\":{\"@id\":\"https:\\\/\\\/altaymountainlodge.com\\\/#\\\/schema\\\/logo\\\/image\\\/\"},\"sameAs\":[\"https:\\\/\\\/www.facebook.com\\\/altaylodge\\\/\",\"https:\\\/\\\/www.instagram.com\\\/altaylodge\\\/\"]}]}<\/script>\n<!-- \/ Yoast SEO plugin. -->","yoast_head_json":{"title":"Termes et Conditions - Altay Mountain Lodge &amp; Yurts","robots":{"index":"index","follow":"follow","max-snippet":"max-snippet:-1","max-image-preview":"max-image-preview:large","max-video-preview":"max-video-preview:-1"},"canonical":"https:\/\/altaymountainlodge.com\/terms-conditions\/","og_locale":"fr_FR","og_type":"article","og_title":"Termes et Conditions - Altay Mountain Lodge &amp; Yurts","og_description":"Mise \u00e0 jour : 24 juillet 2023. Ceci est une traduction du document original, \u00e0 titre informatif. Altay Mountain Lodge LLP. TERMES ET CONDITIONS G\u00c9N\u00c9RALES D&rsquo;ENTREPRISE Altay Mountain Lodge LLP...","og_url":"https:\/\/altaymountainlodge.com\/terms-conditions\/","og_site_name":"Altay Mountain Lodge &amp; Yurts","article_publisher":"https:\/\/www.facebook.com\/altaylodge\/","article_modified_time":"2024-07-20T09:34:17+00:00","og_image":[{"width":1500,"height":1000,"url":"https:\/\/altaymountainlodge.com\/wp-content\/uploads\/2023\/07\/aml_web_27.jpg","type":"image\/jpeg"}],"twitter_card":"summary_large_image","twitter_misc":{"Dur\u00e9e de lecture estim\u00e9e":"8 minutes"},"schema":{"@context":"https:\/\/schema.org","@graph":[{"@type":"WebPage","@id":"https:\/\/altaymountainlodge.com\/terms-conditions\/","url":"https:\/\/altaymountainlodge.com\/terms-conditions\/","name":"Termes et Conditions - Altay Mountain Lodge &amp; Yurts","isPartOf":{"@id":"https:\/\/altaymountainlodge.com\/#website"},"datePublished":"2023-05-28T03:50:04+00:00","dateModified":"2024-07-20T09:34:17+00:00","breadcrumb":{"@id":"https:\/\/altaymountainlodge.com\/terms-conditions\/#breadcrumb"},"inLanguage":"fr-FR","potentialAction":[{"@type":"ReadAction","target":["https:\/\/altaymountainlodge.com\/terms-conditions\/"]}]},{"@type":"BreadcrumbList","@id":"https:\/\/altaymountainlodge.com\/terms-conditions\/#breadcrumb","itemListElement":[{"@type":"ListItem","position":1,"name":"Home","item":"https:\/\/altaymountainlodge.com\/fr\/"},{"@type":"ListItem","position":2,"name":"Termes et Conditions"}]},{"@type":"WebSite","@id":"https:\/\/altaymountainlodge.com\/#website","url":"https:\/\/altaymountainlodge.com\/","name":"Altay Mountain Lodge &amp; Yurts","description":"Exploratory skitouring in the wilderness of Altay Mountains","publisher":{"@id":"https:\/\/altaymountainlodge.com\/#organization"},"potentialAction":[{"@type":"SearchAction","target":{"@type":"EntryPoint","urlTemplate":"https:\/\/altaymountainlodge.com\/?s={search_term_string}"},"query-input":{"@type":"PropertyValueSpecification","valueRequired":true,"valueName":"search_term_string"}}],"inLanguage":"fr-FR"},{"@type":"Organization","@id":"https:\/\/altaymountainlodge.com\/#organization","name":"Altay Mountain Lodge &amp; Yurts","url":"https:\/\/altaymountainlodge.com\/","logo":{"@type":"ImageObject","inLanguage":"fr-FR","@id":"https:\/\/altaymountainlodge.com\/#\/schema\/logo\/image\/","url":"https:\/\/altaymountainlodge.com\/wp-content\/uploads\/2023\/07\/altay-logo-green-1.png","contentUrl":"https:\/\/altaymountainlodge.com\/wp-content\/uploads\/2023\/07\/altay-logo-green-1.png","width":297,"height":62,"caption":"Altay Mountain Lodge &amp; Yurts"},"image":{"@id":"https:\/\/altaymountainlodge.com\/#\/schema\/logo\/image\/"},"sameAs":["https:\/\/www.facebook.com\/altaylodge\/","https:\/\/www.instagram.com\/altaylodge\/"]}]}},"taxonomy_info":[],"featured_image_src_large":false,"author_info":{"display_name":"Anastasiia Abbakumova","author_link":"https:\/\/altaymountainlodge.com\/fr\/author\/abbakumova\/"},"comment_info":0,"ticketed":false,"_links":{"self":[{"href":"https:\/\/altaymountainlodge.com\/fr\/wp-json\/wp\/v2\/pages\/1820","targetHints":{"allow":["GET"]}}],"collection":[{"href":"https:\/\/altaymountainlodge.com\/fr\/wp-json\/wp\/v2\/pages"}],"about":[{"href":"https:\/\/altaymountainlodge.com\/fr\/wp-json\/wp\/v2\/types\/page"}],"author":[{"embeddable":true,"href":"https:\/\/altaymountainlodge.com\/fr\/wp-json\/wp\/v2\/users\/2"}],"replies":[{"embeddable":true,"href":"https:\/\/altaymountainlodge.com\/fr\/wp-json\/wp\/v2\/comments?post=1820"}],"version-history":[{"count":5,"href":"https:\/\/altaymountainlodge.com\/fr\/wp-json\/wp\/v2\/pages\/1820\/revisions"}],"predecessor-version":[{"id":1920,"href":"https:\/\/altaymountainlodge.com\/fr\/wp-json\/wp\/v2\/pages\/1820\/revisions\/1920"}],"wp:attachment":[{"href":"https:\/\/altaymountainlodge.com\/fr\/wp-json\/wp\/v2\/media?parent=1820"}],"curies":[{"name":"wp","href":"https:\/\/api.w.org\/{rel}","templated":true}]}}