{"id":1818,"date":"2023-05-28T09:26:47","date_gmt":"2023-05-28T03:26:47","guid":{"rendered":"https:\/\/altaymountainlodge.com\/privacy-policy\/"},"modified":"2024-07-19T17:08:13","modified_gmt":"2024-07-19T11:08:13","slug":"privacy-policy","status":"publish","type":"page","link":"https:\/\/altaymountainlodge.com\/fr\/privacy-policy\/","title":{"rendered":"Politique de confidentialit\u00e9"},"content":{"rendered":"\n<p><em>Mise \u00e0 jour : 24 juillet 2023.<\/em><\/p>\n\n\n\n<p><em>Ceci est une traduction du <a href=\"https:\/\/altaymountainlodge.com\/privacy-policy\/\">document original<\/a>, \u00e0 titre informatif.<\/em><\/p>\n\n\n\n<p>Altay Mountain Lodge LLP s&rsquo;engage \u00e0 pr\u00e9server les Donn\u00e9es Personnelles de ses clients et visiteurs, que ce soit en ligne, en personne, par le biais de notre bureau ou autrement.<br>Cette page vous informe de nos politiques concernant la collecte, l&rsquo;utilisation et la divulgation des informations personnelles que nous recevons des utilisateurs de notre site Web, par le biais des demandes de renseignements et des r\u00e9servations par t\u00e9l\u00e9phone, par e-mail et lors de votre s\u00e9jour chez nous.<\/p>\n\n\n\n<p><strong>1. \u00c0 propos de nous<\/strong><\/p>\n\n\n\n<p>Altay Mountain Lodge LLP est constitu\u00e9 en tant que soci\u00e9t\u00e9 au Kazakhstan, num\u00e9ro d&rsquo;identification commerciale 230840016071.<\/p>\n\n\n\n<p><strong>2. De qui collectons-nous des informations personnelles<\/strong><\/p>\n\n\n\n<ul class=\"wp-block-list\">\n<li>Des particuliers qui participent \u00e0 des voyages que nous organisons ou qui sont int\u00e9ress\u00e9s \u00e0 y participer.<\/li>\n\n\n\n<li>Des personnes qui repr\u00e9sentent les partenaires avec lesquels nous travaillons.<\/li>\n\n\n\n<li>Certaines informations provenant des utilisateurs de notre site Web, comme d\u00e9crit dans la Section 8.<\/li>\n<\/ul>\n\n\n\n<p><strong>3. Quelles informations personnelles collectons-nous et d&rsquo;o\u00f9 proviennent-elles<\/strong><\/p>\n\n\n\n<p>Lorsque vous achetez ou demandez des informations sur un produit ou un service, effectuez une r\u00e9servation ou vous inscrivez \u00e0 un programme, nous recueillons des informations personnelles afin de traiter la transaction. Les informations que nous pouvons collecter et utiliser \u00e0 ces fins comprennent :<\/p>\n\n\n\n<ul class=\"wp-block-list\">\n<li>Des informations sur votre ordinateur et sur vos visites sur ce site Web (y compris votre adresse IP, votre emplacement g\u00e9ographique, le type et la version du navigateur, le syst\u00e8me d&rsquo;exploitation, la source de r\u00e9f\u00e9rence, la dur\u00e9e de la visite, les pages consult\u00e9es et les chemins de navigation sur le site Web).<\/li>\n\n\n\n<li>Nom et coordonn\u00e9es pour vous identifier et communiquer avec vous.<\/li>\n\n\n\n<li>Les informations que vous fournissez lorsque vous remplissez un formulaire de r\u00e9servation.<\/li>\n\n\n\n<li>Les renseignements personnels tels que, par exemple, la date de naissance et le sexe.<\/li>\n\n\n\n<li>Des informations m\u00e9dicales, lorsque fournies par les participants \u00e0 des programmes.<\/li>\n\n\n\n<li>Les informations que vous nous fournissez lorsque vous vous abonnez \u00e0 nos newsletters par e-mail (y compris votre nom et votre adresse e-mail).<\/li>\n\n\n\n<li>\u00a0Les informations que vous nous fournissez lorsque vous utilisez notre site Web, ou qui sont g\u00e9n\u00e9r\u00e9es lors de l&rsquo;utilisation de ces services (y compris la fr\u00e9quence et les habitudes d&rsquo;utilisation des services).<\/li>\n\n\n\n<li>La taille et le poids lorsque ces informations sont n\u00e9cessaires. Par exemple, nous pouvons avoir besoin du sexe, de la taille et du poids pour vous fournir un \u00e9quipement de location appropri\u00e9.<\/li>\n\n\n\n<li>Les pr\u00e9f\u00e9rences personnelles (telles que le type d&rsquo;h\u00e9bergement ou de chambre pr\u00e9f\u00e9r\u00e9).<\/li>\n\n\n\n<li>Toutes autres informations personnelles que vous choisissez de nous envoyer.<\/li>\n<\/ul>\n\n\n\n<p>Dans certains cas, vous pouvez nous fournir des informations personnelles concernant un membre de votre famille ou une autre personne. En fournissant des informations personnelles concernant une autre personne , vous d\u00e9clarez avoir obtenu leur consentement pour nous fournir leurs informations personnelles aux fins d\u00e9crites dans cette politique.<\/p>\n\n\n\n<p><strong>4. Utilisation des informations personnelles<\/strong><\/p>\n\n\n\n<p>Les informations personnelles soumises via notre site Web, par e-mail, par t\u00e9l\u00e9phone ou autre, seront utilis\u00e9es aux fins sp\u00e9cifi\u00e9es dans cette politique ou sur les pages pertinentes du site Web.<br>Nous pouvons utiliser vos informations personnelles pour :<\/p>\n\n\n\n<ul class=\"wp-block-list\">\n<li>Personnaliser notre site Web pour vous ;<\/li>\n\n\n\n<li>Envoyer des brochures ;<\/li>\n\n\n\n<li>R\u00e9pondre \u00e0 des questions ou des requ\u00eates ;<\/li>\n\n\n\n<li>Envoyer des relev\u00e9s, des factures et des rappels de paiement ;<\/li>\n\n\n\n<li>Collecter des paiements aupr\u00e8s de vous ;<\/li>\n\n\n\n<li>Vous envoyer des communications marketing li\u00e9es \u00e0 notre entreprise ou aux entreprises de tiers soigneusement s\u00e9lectionn\u00e9es qui pourraient vous int\u00e9resser, par courrier postal ou, lorsque vous avez sp\u00e9cifiquement consenti \u00e0 cela, par e-mail ;<\/li>\n\n\n\n<li>Vous envoyer notre lettre d&rsquo;information par e-mail, si vous l&rsquo;avez demand\u00e9 (vous pouvez vous d\u00e9sabonner \u00e0 tout moment) ;<\/li>\n\n\n\n<li>Effectuer des analyses commerciales et statistiques ;<\/li>\n\n\n\n<li>\u00c9mettre une invitation de visa ou d&rsquo;autres documents requis par les autorit\u00e9s pour la proc\u00e9dure de visa ;<\/li>\n\n\n\n<li>Pour se conformer aux lois, r\u00e9glementations et conformit\u00e9s internes.<\/li>\n<\/ul>\n\n\n\n<p>\u00a0L&rsquo;utilisation la plus courante des informations personnelles est li\u00e9e \u00e0 l&rsquo;administration du sejour \u00e0 venir ou en cours du participant.<\/p>\n\n\n\n<p><strong>5. Divulgation d&rsquo;informations personnelles<\/strong><\/p>\n\n\n\n<ul class=\"wp-block-list\">\n<li>Nous pouvons divulguer vos informations personnelles \u00e0 nos employ\u00e9s, officiers, assureurs, conseillers professionnels, agents, fournisseurs ou sous-traitants, dans la mesure o\u00f9 cela est raisonnablement n\u00e9cessaire aux fins \u00e9nonc\u00e9es dans cette politique.<\/li>\n\n\n\n<li>Nous pouvons divulguer vos informations personnelles : dans la mesure o\u00f9 nous sommes tenus de le faire par la loi ; \u00e0 l&rsquo;acheteur (ou futur acheteur) de toute entreprise ou actif que nous sommes en train de vendre ou envisageons de vendre ; afin d&rsquo;\u00e9tablir, d&rsquo;exercer ou de d\u00e9fendre nos droits l\u00e9gaux.<\/li>\n\n\n\n<li>Vous acceptez le droit de transf\u00e9rer vos informations personnelles d\u00e9crits ci-dessus.<\/li>\n\n\n\n<li>Vous avez le droit de consulter, de modifier ou de supprimer les informations personnelles que nous d\u00e9tenons. Envoyez votre demande par e-mail \u00e0 l&rsquo;adresse <a href=\"mailto:contact@altaymountainlodge.com\">contact@altaymountainlodge.com<\/a><\/li>\n<\/ul>\n\n\n\n<p><strong>6. S\u00e9curit\u00e9 et protection des informations personnelles<\/strong><\/p>\n\n\n\n<p>Vous reconnaissez et acceptez que la transmission d&rsquo;informations sur Internet pr\u00e9sente des risques inh\u00e9rents et que nous ne pouvons garantir la s\u00e9curit\u00e9 des donn\u00e9es envoy\u00e9es sur Internet. Cependant, nous nous engageons \u00e0 prendre toutes les pr\u00e9cautions techniques et organisationnelles raisonnables pour emp\u00eacher la perte, l&rsquo;abus ou la modification de vos informations personnelles.<\/p>\n\n\n\n<p><strong>7. Communications marketing<\/strong><\/p>\n\n\n\n<p>Nous pouvons utiliser vos informations pour vous envoyer des e-mails, par exemple, des newsletters et des invitations \u00e0 des \u00e9v\u00e9nements, et si vous ne souhaitez pas recevoir ce type de communications, vous pouvez vous d\u00e9sinscrire de notre liste de diffusion.<\/p>\n\n\n\n<p><strong>8. Site Web et cookies<\/strong><\/p>\n\n\n\n<p>Notre site Web utilise des cookies. Un cookie est un fichier contenant un identifiant (une cha\u00eene de lettres et de chiffres) qui est envoy\u00e9 par un serveur Web \u00e0 un navigateur Web et est stock\u00e9 par le navigateur. L&rsquo;identifiant est ensuite renvoy\u00e9 au serveur \u00e0 chaque fois que le navigateur demande acc\u00e8s \u00e0 une page de ce serveur. Les cookies peuvent \u00eatre des cookies \u00ab\u00a0permanents\u00a0\u00bb ou des cookies \u00ab\u00a0de session\u00a0\u00bb : un cookie permanent sera stock\u00e9 par un navigateur Web et restera valide jusqu&rsquo;\u00e0 sa date d&rsquo;expiration, sauf s&rsquo;il est supprim\u00e9 par l&rsquo;utilisateur avant la date d&rsquo;expiration ; un cookie de session, en revanche, expirera \u00e0 la fin de la session de l&rsquo;utilisateur, lorsque le navigateur Web est ferm\u00e9. Les cookies ne contiennent g\u00e9n\u00e9ralement pas d&rsquo;informations permettant d&rsquo;identifier personnellement un utilisateur, mais les informations personnelles qui vous concernent et que nous stockons peuvent \u00eatre li\u00e9es aux informations stock\u00e9es dans les cookies et obtenues de la part des cookies. Nous utilisons \u00e0 la fois des cookies de session et des cookies permanents sur notre site Web.<br>Si vous \u00eates un utilisateur de notre site Web et que vous souhaitez supprimer les cookies d\u00e9j\u00e0 pr\u00e9sents sur votre ordinateur, veuillez vous r\u00e9f\u00e9rer \u00e0 la rubrique d&rsquo;aide et de support de votre navigateur Internet pour obtenir des instructions sur la fa\u00e7on de localiser le fichier ou le r\u00e9pertoire qui stocke les cookies. Vous pouvez bloquer les cookies en activant le param\u00e8tre de votre navigateur Internet qui vous permet de refuser l&rsquo;installation de tous les cookies ou de certains d&rsquo;entre eux. Le blocage de tous les cookies aura un impact n\u00e9gatif sur les conditions de navigabilit\u00e9 de nombreux sites Web. Si vous bloquez les cookies, vous ne pourrez pas utiliser toutes les fonctionnalit\u00e9s de notre site Web.<br>Pour en savoir plus sur les cookies, veuillez consulter\u00a0<a href=\"https:\/\/www.allaboutcookies.org\/\" target=\"_blank\" rel=\"noreferrer noopener\">www.allaboutcookies.org<\/a>\u00a0et <a href=\"https:\/\/www.youronlinechoices.com\/\" target=\"_blank\" rel=\"noreferrer noopener\">www.youronlinechoices.eu<\/a>.<\/p>\n\n\n\n<p>8.1. Cookies de performance<\/p>\n\n\n\n<p>Nous utilisons des cookies de performance qui recueillent des informations anonymes sur la mani\u00e8re dont les gens utilisent notre site Web. Par exemple, nous utilisons des cookies Google Analytics pour nous aider \u00e0 comprendre comment les utilisateurs acc\u00e8dent \u00e0 notre site Web, le naviguent ou l&rsquo;utilisent, et pour mettre en \u00e9vidence les domaines dans lesquels nous pouvons nous am\u00e9liorer, tels que la navigation. Les donn\u00e9es stock\u00e9es par ces cookies ne montrent jamais de d\u00e9tails personnels permettant d&rsquo;identifier individuellement les utilisateurs.<\/p>\n\n\n\n<p>8.2. Utilisation de balises Web<\/p>\n\n\n\n<p>Certaines de nos pages Web peuvent contenir des images \u00e9lectroniques appel\u00e9es balises Web (parfois appel\u00e9es gifs transparents) qui nous permettent de comptabiliser les utilisateurs ayant visit\u00e9 ces pages. Les balises Web ne collectent que des informations limit\u00e9es, notamment un num\u00e9ro de cookie, l&rsquo;heure et la date d&rsquo;une consultation de page, ainsi qu&rsquo;une description de la page sur laquelle se trouve la balise Web. Nous pouvons \u00e9galement utiliser des balises Web plac\u00e9es par des annonceurs tiers. Ces balises ne contiennent aucune information permettant d&rsquo;identifier personnellement les individus et ne servent qu&rsquo;\u00e0 suivre l&rsquo;efficacit\u00e9 d&rsquo;une campagne particuli\u00e8re.<\/p>\n\n\n\n<p><strong>8.3. Liens vers d&rsquo;autres sites Web<\/strong><\/p>\n\n\n\n<p>Notre site Web peut contenir des liens vers d&rsquo;autres sites Web sur lesquels nous n&rsquo;avons aucun contr\u00f4le. Nous ne sommes pas responsables des politiques de confidentialit\u00e9 ni des pratiques des autres sites Web auxquels les utilisateurs choisissent de se connecter \u00e0 partir de notre site Web. Nous encourageons les utilisateurs \u00e0 examiner les politiques de confidentialit\u00e9 de ces autres sites Web pour comprendre comment ils collectent, utilisent et partagent les informations personnelles.<\/p>\n\n\n\n<p><strong>9. Conservation des informations<\/strong><\/p>\n\n\n\n<p>Les informations recueillies sont conserv\u00e9es pendant le temps qu&rsquo;il est raisonnablement n\u00e9cessaire pour se conformer aux objectifs \u00e9nonc\u00e9s \u00e0 la section 4.<\/p>\n\n\n\n<p><strong>10. Your rights<\/strong><\/p>\n\n\n\n<ul class=\"wp-block-list\">\n<li>Vous disposez d\u2019un droit d\u2019acc\u00e8s des donn\u00e9es vous concernant, et savoir pour quel but nous utilisons ces donn\u00e9es.<\/li>\n\n\n\n<li>Vous disposez d\u2019un droit de modification d&rsquo;inexactitudes des donn\u00e9es vous concernant.<\/li>\n\n\n\n<li>Vous disposez d\u2019un droit de retirer tout consentement que vous avez donn\u00e9 \u00e0 l&rsquo;utilisation de vos donn\u00e9es.<\/li>\n\n\n\n<li>Vous disposez d\u2019un droit l\u00e9gal de d\u00e9poser une plainte aupr\u00e8s de l\u2019autorit\u00e9 de supervision comp\u00e9tente dans n\u2019importe quelle juridiction \u00e0 propos de l\u2019utilisation que nous faisons de vos informations.<\/li>\n\n\n\n<li>Vous disposez d\u2019un droit de, dans certaines circonstances:\n<ul class=\"wp-block-list\">\n<li>exiger que nous effacions toutes les informations que nous d\u00e9tenons sur vous;<\/li>\n\n\n\n<li>recevoir une copie des informations personnelles que vous nous avez fournies et nous demander de fournir cette information \u00e0 un tiers;<\/li>\n\n\n\n<li>restreindre l\u2019utilisation des informations que nous d\u00e9tenons sur vous;<\/li>\n\n\n\n<li>protester sur l\u2019utilisation de notre part des informations que nous d\u00e9tenons sur vous, y compris si cette information est utilis\u00e9e pour des besoins de marketing direct.<\/li>\n<\/ul>\n<\/li>\n<\/ul>\n\n\n\n<p>Vous pouvez exercer ces droits en nous contactant notre bureau: <a href=\"mailto:contact@altaymountainlodge.com\">contact@altaymountainlodge.com<\/a><\/p>\n\n\n\n<p><strong>11. Modifications de cette Politique de Confidentialit\u00e9<\/strong><\/p>\n\n\n\n<p>Cette Politique de Confidentialit\u00e9 est en vigueur \u00e0 partir du 24 juillet 2023 et restera en vigueur, sauf en ce qui concerne toute modification de ses dispositions \u00e0 l&rsquo;avenir, qui entreront en vigueur imm\u00e9diatement apr\u00e8s leur publication sur cette page.<br>Nous nous r\u00e9servons le droit de mettre \u00e0 jour ou de modifier notre Politique de Confidentialit\u00e9 \u00e0 tout moment et vous devriez v\u00e9rifier cette Politique de Confidentialit\u00e9 p\u00e9riodiquement. Votre utilisation continue du service apr\u00e8s que nous ayons publi\u00e9 des modifications \u00e0 la politique de confidentialit\u00e9 sur cette page constitue votre reconnaissance des modifications et votre consentement \u00e0 respecter et \u00e0 \u00eatre li\u00e9 par la politique de confidentialit\u00e9 modifi\u00e9e.<\/p>\n\n\n\n<p><strong>12. Contactez-nous<\/strong><\/p>\n\n\n\n<p>Si vous avez des questions concernant cette Politique de Confidentialit\u00e9, veuillez envoyer un e-mail \u00e0\u00a0<a href=\"mailto:contact@altaymountainlodge.com\">contact@altaymountainlodge.com<\/a><\/p>\n","protected":false},"excerpt":{"rendered":"<p>Mise \u00e0 jour : 24 juillet 2023. Ceci est une traduction du document original, \u00e0 titre informatif. Altay Mountain Lodge LLP s&rsquo;engage \u00e0 pr\u00e9server les Donn\u00e9es Personnelles de ses clients&#8230;<\/p>\n","protected":false},"author":2,"featured_media":0,"parent":0,"menu_order":0,"comment_status":"closed","ping_status":"open","template":"","meta":{"_kad_blocks_custom_css":"","_kad_blocks_head_custom_js":"","_kad_blocks_body_custom_js":"","_kad_blocks_footer_custom_js":"","_price":"","_stock":"","_tribe_ticket_header":"","_tribe_default_ticket_provider":"","_tribe_ticket_capacity":"0","_ticket_start_date":"","_ticket_end_date":"","_tribe_ticket_show_description":"","_tribe_ticket_show_not_going":false,"_tribe_ticket_use_global_stock":"","_tribe_ticket_global_stock_level":"","_global_stock_mode":"","_global_stock_cap":"","_tribe_rsvp_for_event":"","_tribe_ticket_going_count":"","_tribe_ticket_not_going_count":"","_tribe_tickets_list":"[]","_tribe_ticket_has_attendee_info_fields":false,"_kadence_starter_templates_imported_post":false,"_kad_post_transparent":"","_kad_post_title":"","_kad_post_layout":"","_kad_post_sidebar_id":"","_kad_post_content_style":"","_kad_post_vertical_padding":"","_kad_post_feature":"","_kad_post_feature_position":"","_kad_post_header":false,"_kad_post_footer":false,"_kad_post_classname":"","footnotes":"","_tec_slr_enabled":"","_tec_slr_layout":""},"class_list":["post-1818","page","type-page","status-publish","hentry"],"yoast_head":"<!-- This site is optimized with the Yoast SEO plugin v27.3 - https:\/\/yoast.com\/product\/yoast-seo-wordpress\/ -->\n<title>Politique de confidentialit\u00e9 - Altay Mountain Lodge &amp; Yurts<\/title>\n<meta name=\"robots\" content=\"index, follow, max-snippet:-1, max-image-preview:large, max-video-preview:-1\" \/>\n<link rel=\"canonical\" href=\"https:\/\/altaymountainlodge.com\/privacy-policy\/\" \/>\n<meta property=\"og:locale\" content=\"fr_FR\" \/>\n<meta property=\"og:type\" content=\"article\" \/>\n<meta property=\"og:title\" content=\"Politique de confidentialit\u00e9 - Altay Mountain Lodge &amp; Yurts\" \/>\n<meta property=\"og:description\" content=\"Mise \u00e0 jour : 24 juillet 2023. Ceci est une traduction du document original, \u00e0 titre informatif. Altay Mountain Lodge LLP s&rsquo;engage \u00e0 pr\u00e9server les Donn\u00e9es Personnelles de ses clients...\" \/>\n<meta property=\"og:url\" content=\"https:\/\/altaymountainlodge.com\/privacy-policy\/\" \/>\n<meta property=\"og:site_name\" content=\"Altay Mountain Lodge &amp; Yurts\" \/>\n<meta property=\"article:publisher\" content=\"https:\/\/www.facebook.com\/altaylodge\/\" \/>\n<meta property=\"article:modified_time\" content=\"2024-07-19T11:08:13+00:00\" \/>\n<meta property=\"og:image\" content=\"https:\/\/altaymountainlodge.com\/wp-content\/uploads\/2023\/07\/aml_web_27.jpg\" \/>\n\t<meta property=\"og:image:width\" content=\"1500\" \/>\n\t<meta property=\"og:image:height\" content=\"1000\" \/>\n\t<meta property=\"og:image:type\" content=\"image\/jpeg\" \/>\n<meta name=\"twitter:card\" content=\"summary_large_image\" \/>\n<meta name=\"twitter:label1\" content=\"Dur\u00e9e de lecture estim\u00e9e\" \/>\n\t<meta name=\"twitter:data1\" content=\"8 minutes\" \/>\n<script type=\"application\/ld+json\" class=\"yoast-schema-graph\">{\"@context\":\"https:\\\/\\\/schema.org\",\"@graph\":[{\"@type\":\"WebPage\",\"@id\":\"https:\\\/\\\/altaymountainlodge.com\\\/privacy-policy\\\/\",\"url\":\"https:\\\/\\\/altaymountainlodge.com\\\/privacy-policy\\\/\",\"name\":\"Politique de confidentialit\u00e9 - Altay Mountain Lodge &amp; Yurts\",\"isPartOf\":{\"@id\":\"https:\\\/\\\/altaymountainlodge.com\\\/#website\"},\"datePublished\":\"2023-05-28T03:26:47+00:00\",\"dateModified\":\"2024-07-19T11:08:13+00:00\",\"breadcrumb\":{\"@id\":\"https:\\\/\\\/altaymountainlodge.com\\\/privacy-policy\\\/#breadcrumb\"},\"inLanguage\":\"fr-FR\",\"potentialAction\":[{\"@type\":\"ReadAction\",\"target\":[\"https:\\\/\\\/altaymountainlodge.com\\\/privacy-policy\\\/\"]}]},{\"@type\":\"BreadcrumbList\",\"@id\":\"https:\\\/\\\/altaymountainlodge.com\\\/privacy-policy\\\/#breadcrumb\",\"itemListElement\":[{\"@type\":\"ListItem\",\"position\":1,\"name\":\"Home\",\"item\":\"https:\\\/\\\/altaymountainlodge.com\\\/fr\\\/\"},{\"@type\":\"ListItem\",\"position\":2,\"name\":\"Politique de confidentialit\u00e9\"}]},{\"@type\":\"WebSite\",\"@id\":\"https:\\\/\\\/altaymountainlodge.com\\\/#website\",\"url\":\"https:\\\/\\\/altaymountainlodge.com\\\/\",\"name\":\"Altay Mountain Lodge &amp; Yurts\",\"description\":\"Exploratory skitouring in the wilderness of Altay Mountains\",\"publisher\":{\"@id\":\"https:\\\/\\\/altaymountainlodge.com\\\/#organization\"},\"potentialAction\":[{\"@type\":\"SearchAction\",\"target\":{\"@type\":\"EntryPoint\",\"urlTemplate\":\"https:\\\/\\\/altaymountainlodge.com\\\/?s={search_term_string}\"},\"query-input\":{\"@type\":\"PropertyValueSpecification\",\"valueRequired\":true,\"valueName\":\"search_term_string\"}}],\"inLanguage\":\"fr-FR\"},{\"@type\":\"Organization\",\"@id\":\"https:\\\/\\\/altaymountainlodge.com\\\/#organization\",\"name\":\"Altay Mountain Lodge &amp; Yurts\",\"url\":\"https:\\\/\\\/altaymountainlodge.com\\\/\",\"logo\":{\"@type\":\"ImageObject\",\"inLanguage\":\"fr-FR\",\"@id\":\"https:\\\/\\\/altaymountainlodge.com\\\/#\\\/schema\\\/logo\\\/image\\\/\",\"url\":\"https:\\\/\\\/altaymountainlodge.com\\\/wp-content\\\/uploads\\\/2023\\\/07\\\/altay-logo-green-1.png\",\"contentUrl\":\"https:\\\/\\\/altaymountainlodge.com\\\/wp-content\\\/uploads\\\/2023\\\/07\\\/altay-logo-green-1.png\",\"width\":297,\"height\":62,\"caption\":\"Altay Mountain Lodge &amp; Yurts\"},\"image\":{\"@id\":\"https:\\\/\\\/altaymountainlodge.com\\\/#\\\/schema\\\/logo\\\/image\\\/\"},\"sameAs\":[\"https:\\\/\\\/www.facebook.com\\\/altaylodge\\\/\",\"https:\\\/\\\/www.instagram.com\\\/altaylodge\\\/\"]}]}<\/script>\n<!-- \/ Yoast SEO plugin. -->","yoast_head_json":{"title":"Politique de confidentialit\u00e9 - Altay Mountain Lodge &amp; Yurts","robots":{"index":"index","follow":"follow","max-snippet":"max-snippet:-1","max-image-preview":"max-image-preview:large","max-video-preview":"max-video-preview:-1"},"canonical":"https:\/\/altaymountainlodge.com\/privacy-policy\/","og_locale":"fr_FR","og_type":"article","og_title":"Politique de confidentialit\u00e9 - Altay Mountain Lodge &amp; Yurts","og_description":"Mise \u00e0 jour : 24 juillet 2023. Ceci est une traduction du document original, \u00e0 titre informatif. Altay Mountain Lodge LLP s&rsquo;engage \u00e0 pr\u00e9server les Donn\u00e9es Personnelles de ses clients...","og_url":"https:\/\/altaymountainlodge.com\/privacy-policy\/","og_site_name":"Altay Mountain Lodge &amp; Yurts","article_publisher":"https:\/\/www.facebook.com\/altaylodge\/","article_modified_time":"2024-07-19T11:08:13+00:00","og_image":[{"width":1500,"height":1000,"url":"https:\/\/altaymountainlodge.com\/wp-content\/uploads\/2023\/07\/aml_web_27.jpg","type":"image\/jpeg"}],"twitter_card":"summary_large_image","twitter_misc":{"Dur\u00e9e de lecture estim\u00e9e":"8 minutes"},"schema":{"@context":"https:\/\/schema.org","@graph":[{"@type":"WebPage","@id":"https:\/\/altaymountainlodge.com\/privacy-policy\/","url":"https:\/\/altaymountainlodge.com\/privacy-policy\/","name":"Politique de confidentialit\u00e9 - Altay Mountain Lodge &amp; Yurts","isPartOf":{"@id":"https:\/\/altaymountainlodge.com\/#website"},"datePublished":"2023-05-28T03:26:47+00:00","dateModified":"2024-07-19T11:08:13+00:00","breadcrumb":{"@id":"https:\/\/altaymountainlodge.com\/privacy-policy\/#breadcrumb"},"inLanguage":"fr-FR","potentialAction":[{"@type":"ReadAction","target":["https:\/\/altaymountainlodge.com\/privacy-policy\/"]}]},{"@type":"BreadcrumbList","@id":"https:\/\/altaymountainlodge.com\/privacy-policy\/#breadcrumb","itemListElement":[{"@type":"ListItem","position":1,"name":"Home","item":"https:\/\/altaymountainlodge.com\/fr\/"},{"@type":"ListItem","position":2,"name":"Politique de confidentialit\u00e9"}]},{"@type":"WebSite","@id":"https:\/\/altaymountainlodge.com\/#website","url":"https:\/\/altaymountainlodge.com\/","name":"Altay Mountain Lodge &amp; Yurts","description":"Exploratory skitouring in the wilderness of Altay Mountains","publisher":{"@id":"https:\/\/altaymountainlodge.com\/#organization"},"potentialAction":[{"@type":"SearchAction","target":{"@type":"EntryPoint","urlTemplate":"https:\/\/altaymountainlodge.com\/?s={search_term_string}"},"query-input":{"@type":"PropertyValueSpecification","valueRequired":true,"valueName":"search_term_string"}}],"inLanguage":"fr-FR"},{"@type":"Organization","@id":"https:\/\/altaymountainlodge.com\/#organization","name":"Altay Mountain Lodge &amp; Yurts","url":"https:\/\/altaymountainlodge.com\/","logo":{"@type":"ImageObject","inLanguage":"fr-FR","@id":"https:\/\/altaymountainlodge.com\/#\/schema\/logo\/image\/","url":"https:\/\/altaymountainlodge.com\/wp-content\/uploads\/2023\/07\/altay-logo-green-1.png","contentUrl":"https:\/\/altaymountainlodge.com\/wp-content\/uploads\/2023\/07\/altay-logo-green-1.png","width":297,"height":62,"caption":"Altay Mountain Lodge &amp; Yurts"},"image":{"@id":"https:\/\/altaymountainlodge.com\/#\/schema\/logo\/image\/"},"sameAs":["https:\/\/www.facebook.com\/altaylodge\/","https:\/\/www.instagram.com\/altaylodge\/"]}]}},"taxonomy_info":[],"featured_image_src_large":false,"author_info":{"display_name":"Anastasiia Abbakumova","author_link":"https:\/\/altaymountainlodge.com\/fr\/author\/abbakumova\/"},"comment_info":0,"ticketed":false,"_links":{"self":[{"href":"https:\/\/altaymountainlodge.com\/fr\/wp-json\/wp\/v2\/pages\/1818","targetHints":{"allow":["GET"]}}],"collection":[{"href":"https:\/\/altaymountainlodge.com\/fr\/wp-json\/wp\/v2\/pages"}],"about":[{"href":"https:\/\/altaymountainlodge.com\/fr\/wp-json\/wp\/v2\/types\/page"}],"author":[{"embeddable":true,"href":"https:\/\/altaymountainlodge.com\/fr\/wp-json\/wp\/v2\/users\/2"}],"replies":[{"embeddable":true,"href":"https:\/\/altaymountainlodge.com\/fr\/wp-json\/wp\/v2\/comments?post=1818"}],"version-history":[{"count":6,"href":"https:\/\/altaymountainlodge.com\/fr\/wp-json\/wp\/v2\/pages\/1818\/revisions"}],"predecessor-version":[{"id":1840,"href":"https:\/\/altaymountainlodge.com\/fr\/wp-json\/wp\/v2\/pages\/1818\/revisions\/1840"}],"wp:attachment":[{"href":"https:\/\/altaymountainlodge.com\/fr\/wp-json\/wp\/v2\/media?parent=1818"}],"curies":[{"name":"wp","href":"https:\/\/api.w.org\/{rel}","templated":true}]}}