{"id":1817,"date":"2024-06-14T13:53:40","date_gmt":"2024-06-14T07:53:40","guid":{"rendered":"https:\/\/altaymountainlodge.com\/media\/"},"modified":"2024-07-19T16:37:13","modified_gmt":"2024-07-19T10:37:13","slug":"media","status":"publish","type":"page","link":"https:\/\/altaymountainlodge.com\/fr\/media\/","title":{"rendered":"Media"},"content":{"rendered":"<style>.wp-block-kadence-advancedheading.kt-adv-heading1817_5ca484-10, .wp-block-kadence-advancedheading.kt-adv-heading1817_5ca484-10[data-kb-block=\"kb-adv-heading1817_5ca484-10\"]{font-style:normal;}.wp-block-kadence-advancedheading.kt-adv-heading1817_5ca484-10 mark.kt-highlight, .wp-block-kadence-advancedheading.kt-adv-heading1817_5ca484-10[data-kb-block=\"kb-adv-heading1817_5ca484-10\"] mark.kt-highlight{font-style:normal;color:#f76a0c;-webkit-box-decoration-break:clone;box-decoration-break:clone;padding-top:0px;padding-right:0px;padding-bottom:0px;padding-left:0px;}.wp-block-kadence-advancedheading.kt-adv-heading1817_5ca484-10 img.kb-inline-image, .wp-block-kadence-advancedheading.kt-adv-heading1817_5ca484-10[data-kb-block=\"kb-adv-heading1817_5ca484-10\"] img.kb-inline-image{width:150px;vertical-align:baseline;}<\/style>\n<h2 class=\"kt-adv-heading1817_5ca484-10 wp-block-kadence-advancedheading\" data-kb-block=\"kb-adv-heading1817_5ca484-10\">Des articles<\/h2>\n\n\n\n<p class=\"has-medium-font-size\"><a href=\"https:\/\/www.skipass.com\/news\/kazakhstan-ski-altai.html\" target=\"_blank\" rel=\"noreferrer noopener\">Kazakhstan &#8211; Ski de rando dans l&rsquo;Alta\u00ef<\/a>. Skipass.com, December 2023.<\/p>\n\n\n<style>.kb-image1817_16f215-b5 .kb-image-has-overlay:after{opacity:0.3;}<\/style>\n<figure class=\"wp-block-kadence-image kb-image1817_16f215-b5 size-large\"><img loading=\"lazy\" decoding=\"async\" width=\"1024\" height=\"560\" src=\"http:\/\/altaymountainlodge.com\/wp-content\/uploads\/2024\/06\/aml_media_skipass-1024x560.jpg\" alt=\"\" class=\"kb-img wp-image-1666\" srcset=\"https:\/\/altaymountainlodge.com\/wp-content\/uploads\/2024\/06\/aml_media_skipass-1024x560.jpg 1024w, https:\/\/altaymountainlodge.com\/wp-content\/uploads\/2024\/06\/aml_media_skipass-300x164.jpg 300w, https:\/\/altaymountainlodge.com\/wp-content\/uploads\/2024\/06\/aml_media_skipass-768x420.jpg 768w, https:\/\/altaymountainlodge.com\/wp-content\/uploads\/2024\/06\/aml_media_skipass.jpg 1500w\" sizes=\"auto, (max-width: 1024px) 100vw, 1024px\" \/><\/figure>\n\n\n<style>.wp-block-kadence-advancedheading.kt-adv-heading1817_b50523-fb, .wp-block-kadence-advancedheading.kt-adv-heading1817_b50523-fb[data-kb-block=\"kb-adv-heading1817_b50523-fb\"]{font-style:normal;}.wp-block-kadence-advancedheading.kt-adv-heading1817_b50523-fb mark.kt-highlight, .wp-block-kadence-advancedheading.kt-adv-heading1817_b50523-fb[data-kb-block=\"kb-adv-heading1817_b50523-fb\"] mark.kt-highlight{font-style:normal;color:#f76a0c;-webkit-box-decoration-break:clone;box-decoration-break:clone;padding-top:0px;padding-right:0px;padding-bottom:0px;padding-left:0px;}.wp-block-kadence-advancedheading.kt-adv-heading1817_b50523-fb img.kb-inline-image, .wp-block-kadence-advancedheading.kt-adv-heading1817_b50523-fb[data-kb-block=\"kb-adv-heading1817_b50523-fb\"] img.kb-inline-image{width:150px;vertical-align:baseline;}<\/style>\n<h2 class=\"kt-adv-heading1817_b50523-fb wp-block-kadence-advancedheading\" data-kb-block=\"kb-adv-heading1817_b50523-fb\">Films<\/h2>\n\n\n\n<p>Un beau film tourn\u00e9 au lodge par nos amis et coll\u00e8gues <a href=\"https:\/\/www.pacificalpineguides.com\/\" target=\"_blank\" rel=\"noreferrer noopener\">Pacific Alpine Guides<\/a>. F\u00e9vrier 2024.<\/p>\n\n\n\n<figure class=\"wp-block-embed is-type-video is-provider-youtube wp-block-embed-youtube wp-embed-aspect-16-9 wp-has-aspect-ratio\"><div class=\"wp-block-embed__wrapper\">\n<iframe loading=\"lazy\" title=\"ALTAI \/\/ Ski touring in the Altai Mountains of East Kazakhstan\" width=\"720\" height=\"405\" src=\"https:\/\/www.youtube.com\/embed\/yg1pWTtp2xA?start=2&#038;feature=oembed\" frameborder=\"0\" allow=\"accelerometer; autoplay; clipboard-write; encrypted-media; gyroscope; picture-in-picture; web-share\" referrerpolicy=\"strict-origin-when-cross-origin\" allowfullscreen><\/iframe>\n<\/div><\/figure>\n","protected":false},"excerpt":{"rendered":"<p>Des articles Kazakhstan &#8211; Ski de rando dans l&rsquo;Alta\u00ef. Skipass.com, December 2023. Films Un beau film tourn\u00e9 au lodge par nos amis et coll\u00e8gues Pacific Alpine Guides. F\u00e9vrier 2024.<\/p>\n","protected":false},"author":3,"featured_media":0,"parent":0,"menu_order":0,"comment_status":"closed","ping_status":"closed","template":"","meta":{"_kad_blocks_custom_css":"","_kad_blocks_head_custom_js":"","_kad_blocks_body_custom_js":"","_kad_blocks_footer_custom_js":"","_price":"","_stock":"","_tribe_ticket_header":"","_tribe_default_ticket_provider":"","_tribe_ticket_capacity":"0","_ticket_start_date":"","_ticket_end_date":"","_tribe_ticket_show_description":"","_tribe_ticket_show_not_going":false,"_tribe_ticket_use_global_stock":"","_tribe_ticket_global_stock_level":"","_global_stock_mode":"","_global_stock_cap":"","_tribe_rsvp_for_event":"","_tribe_ticket_going_count":"","_tribe_ticket_not_going_count":"","_tribe_tickets_list":"[]","_tribe_ticket_has_attendee_info_fields":false,"_kadence_starter_templates_imported_post":false,"_kad_post_transparent":"","_kad_post_title":"","_kad_post_layout":"","_kad_post_sidebar_id":"","_kad_post_content_style":"","_kad_post_vertical_padding":"","_kad_post_feature":"","_kad_post_feature_position":"","_kad_post_header":false,"_kad_post_footer":false,"_kad_post_classname":"","footnotes":"","_tec_slr_enabled":"","_tec_slr_layout":""},"class_list":["post-1817","page","type-page","status-publish","hentry"],"yoast_head":"<!-- This site is optimized with the Yoast SEO plugin v27.5 - https:\/\/yoast.com\/product\/yoast-seo-wordpress\/ -->\n<title>Media - Altay Mountain Lodge &amp; Yurts<\/title>\n<meta name=\"robots\" content=\"index, follow, max-snippet:-1, max-image-preview:large, max-video-preview:-1\" \/>\n<link rel=\"canonical\" href=\"https:\/\/altaymountainlodge.com\/media\/\" \/>\n<meta property=\"og:locale\" content=\"fr_FR\" \/>\n<meta property=\"og:type\" content=\"article\" \/>\n<meta property=\"og:title\" content=\"Media - Altay Mountain Lodge &amp; Yurts\" \/>\n<meta property=\"og:description\" content=\"Des articles Kazakhstan &#8211; Ski de rando dans l&rsquo;Alta\u00ef. Skipass.com, December 2023. Films Un beau film tourn\u00e9 au lodge par nos amis et coll\u00e8gues Pacific Alpine Guides. F\u00e9vrier 2024.\" \/>\n<meta property=\"og:url\" content=\"https:\/\/altaymountainlodge.com\/media\/\" \/>\n<meta property=\"og:site_name\" content=\"Altay Mountain Lodge &amp; Yurts\" \/>\n<meta property=\"article:publisher\" content=\"https:\/\/www.facebook.com\/altaylodge\/\" \/>\n<meta property=\"article:modified_time\" content=\"2024-07-19T10:37:13+00:00\" \/>\n<meta property=\"og:image\" content=\"http:\/\/altaymountainlodge.com\/wp-content\/uploads\/2024\/06\/aml_media_skipass-1024x560.jpg\" \/>\n<meta name=\"twitter:card\" content=\"summary_large_image\" \/>\n<meta name=\"twitter:label1\" content=\"Dur\u00e9e de lecture estim\u00e9e\" \/>\n\t<meta name=\"twitter:data1\" content=\"1 minute\" \/>\n<script type=\"application\/ld+json\" class=\"yoast-schema-graph\">{\"@context\":\"https:\\\/\\\/schema.org\",\"@graph\":[{\"@type\":\"WebPage\",\"@id\":\"https:\\\/\\\/altaymountainlodge.com\\\/media\\\/\",\"url\":\"https:\\\/\\\/altaymountainlodge.com\\\/media\\\/\",\"name\":\"Media - Altay Mountain Lodge &amp; Yurts\",\"isPartOf\":{\"@id\":\"https:\\\/\\\/altaymountainlodge.com\\\/#website\"},\"primaryImageOfPage\":{\"@id\":\"https:\\\/\\\/altaymountainlodge.com\\\/media\\\/#primaryimage\"},\"image\":{\"@id\":\"https:\\\/\\\/altaymountainlodge.com\\\/media\\\/#primaryimage\"},\"thumbnailUrl\":\"http:\\\/\\\/altaymountainlodge.com\\\/wp-content\\\/uploads\\\/2024\\\/06\\\/aml_media_skipass-1024x560.jpg\",\"datePublished\":\"2024-06-14T07:53:40+00:00\",\"dateModified\":\"2024-07-19T10:37:13+00:00\",\"breadcrumb\":{\"@id\":\"https:\\\/\\\/altaymountainlodge.com\\\/media\\\/#breadcrumb\"},\"inLanguage\":\"fr-FR\",\"potentialAction\":[{\"@type\":\"ReadAction\",\"target\":[\"https:\\\/\\\/altaymountainlodge.com\\\/media\\\/\"]}]},{\"@type\":\"ImageObject\",\"inLanguage\":\"fr-FR\",\"@id\":\"https:\\\/\\\/altaymountainlodge.com\\\/media\\\/#primaryimage\",\"url\":\"http:\\\/\\\/altaymountainlodge.com\\\/wp-content\\\/uploads\\\/2024\\\/06\\\/aml_media_skipass-1024x560.jpg\",\"contentUrl\":\"http:\\\/\\\/altaymountainlodge.com\\\/wp-content\\\/uploads\\\/2024\\\/06\\\/aml_media_skipass-1024x560.jpg\"},{\"@type\":\"BreadcrumbList\",\"@id\":\"https:\\\/\\\/altaymountainlodge.com\\\/media\\\/#breadcrumb\",\"itemListElement\":[{\"@type\":\"ListItem\",\"position\":1,\"name\":\"Home\",\"item\":\"https:\\\/\\\/altaymountainlodge.com\\\/fr\\\/\"},{\"@type\":\"ListItem\",\"position\":2,\"name\":\"Media\"}]},{\"@type\":\"WebSite\",\"@id\":\"https:\\\/\\\/altaymountainlodge.com\\\/#website\",\"url\":\"https:\\\/\\\/altaymountainlodge.com\\\/\",\"name\":\"Altay Mountain Lodge &amp; Yurts\",\"description\":\"Exploratory skitouring in the wilderness of Altay Mountains\",\"publisher\":{\"@id\":\"https:\\\/\\\/altaymountainlodge.com\\\/#organization\"},\"potentialAction\":[{\"@type\":\"SearchAction\",\"target\":{\"@type\":\"EntryPoint\",\"urlTemplate\":\"https:\\\/\\\/altaymountainlodge.com\\\/?s={search_term_string}\"},\"query-input\":{\"@type\":\"PropertyValueSpecification\",\"valueRequired\":true,\"valueName\":\"search_term_string\"}}],\"inLanguage\":\"fr-FR\"},{\"@type\":\"Organization\",\"@id\":\"https:\\\/\\\/altaymountainlodge.com\\\/#organization\",\"name\":\"Altay Mountain Lodge &amp; Yurts\",\"url\":\"https:\\\/\\\/altaymountainlodge.com\\\/\",\"logo\":{\"@type\":\"ImageObject\",\"inLanguage\":\"fr-FR\",\"@id\":\"https:\\\/\\\/altaymountainlodge.com\\\/#\\\/schema\\\/logo\\\/image\\\/\",\"url\":\"https:\\\/\\\/altaymountainlodge.com\\\/wp-content\\\/uploads\\\/2023\\\/07\\\/altay-logo-green-1.png\",\"contentUrl\":\"https:\\\/\\\/altaymountainlodge.com\\\/wp-content\\\/uploads\\\/2023\\\/07\\\/altay-logo-green-1.png\",\"width\":297,\"height\":62,\"caption\":\"Altay Mountain Lodge &amp; Yurts\"},\"image\":{\"@id\":\"https:\\\/\\\/altaymountainlodge.com\\\/#\\\/schema\\\/logo\\\/image\\\/\"},\"sameAs\":[\"https:\\\/\\\/www.facebook.com\\\/altaylodge\\\/\",\"https:\\\/\\\/www.instagram.com\\\/altaylodge\\\/\"]}]}<\/script>\n<!-- \/ Yoast SEO plugin. -->","yoast_head_json":{"title":"Media - Altay Mountain Lodge &amp; Yurts","robots":{"index":"index","follow":"follow","max-snippet":"max-snippet:-1","max-image-preview":"max-image-preview:large","max-video-preview":"max-video-preview:-1"},"canonical":"https:\/\/altaymountainlodge.com\/media\/","og_locale":"fr_FR","og_type":"article","og_title":"Media - Altay Mountain Lodge &amp; Yurts","og_description":"Des articles Kazakhstan &#8211; Ski de rando dans l&rsquo;Alta\u00ef. Skipass.com, December 2023. Films Un beau film tourn\u00e9 au lodge par nos amis et coll\u00e8gues Pacific Alpine Guides. F\u00e9vrier 2024.","og_url":"https:\/\/altaymountainlodge.com\/media\/","og_site_name":"Altay Mountain Lodge &amp; Yurts","article_publisher":"https:\/\/www.facebook.com\/altaylodge\/","article_modified_time":"2024-07-19T10:37:13+00:00","og_image":[{"url":"http:\/\/altaymountainlodge.com\/wp-content\/uploads\/2024\/06\/aml_media_skipass-1024x560.jpg","type":"","width":"","height":""}],"twitter_card":"summary_large_image","twitter_misc":{"Dur\u00e9e de lecture estim\u00e9e":"1 minute"},"schema":{"@context":"https:\/\/schema.org","@graph":[{"@type":"WebPage","@id":"https:\/\/altaymountainlodge.com\/media\/","url":"https:\/\/altaymountainlodge.com\/media\/","name":"Media - Altay Mountain Lodge &amp; Yurts","isPartOf":{"@id":"https:\/\/altaymountainlodge.com\/#website"},"primaryImageOfPage":{"@id":"https:\/\/altaymountainlodge.com\/media\/#primaryimage"},"image":{"@id":"https:\/\/altaymountainlodge.com\/media\/#primaryimage"},"thumbnailUrl":"http:\/\/altaymountainlodge.com\/wp-content\/uploads\/2024\/06\/aml_media_skipass-1024x560.jpg","datePublished":"2024-06-14T07:53:40+00:00","dateModified":"2024-07-19T10:37:13+00:00","breadcrumb":{"@id":"https:\/\/altaymountainlodge.com\/media\/#breadcrumb"},"inLanguage":"fr-FR","potentialAction":[{"@type":"ReadAction","target":["https:\/\/altaymountainlodge.com\/media\/"]}]},{"@type":"ImageObject","inLanguage":"fr-FR","@id":"https:\/\/altaymountainlodge.com\/media\/#primaryimage","url":"http:\/\/altaymountainlodge.com\/wp-content\/uploads\/2024\/06\/aml_media_skipass-1024x560.jpg","contentUrl":"http:\/\/altaymountainlodge.com\/wp-content\/uploads\/2024\/06\/aml_media_skipass-1024x560.jpg"},{"@type":"BreadcrumbList","@id":"https:\/\/altaymountainlodge.com\/media\/#breadcrumb","itemListElement":[{"@type":"ListItem","position":1,"name":"Home","item":"https:\/\/altaymountainlodge.com\/fr\/"},{"@type":"ListItem","position":2,"name":"Media"}]},{"@type":"WebSite","@id":"https:\/\/altaymountainlodge.com\/#website","url":"https:\/\/altaymountainlodge.com\/","name":"Altay Mountain Lodge &amp; Yurts","description":"Exploratory skitouring in the wilderness of Altay Mountains","publisher":{"@id":"https:\/\/altaymountainlodge.com\/#organization"},"potentialAction":[{"@type":"SearchAction","target":{"@type":"EntryPoint","urlTemplate":"https:\/\/altaymountainlodge.com\/?s={search_term_string}"},"query-input":{"@type":"PropertyValueSpecification","valueRequired":true,"valueName":"search_term_string"}}],"inLanguage":"fr-FR"},{"@type":"Organization","@id":"https:\/\/altaymountainlodge.com\/#organization","name":"Altay Mountain Lodge &amp; Yurts","url":"https:\/\/altaymountainlodge.com\/","logo":{"@type":"ImageObject","inLanguage":"fr-FR","@id":"https:\/\/altaymountainlodge.com\/#\/schema\/logo\/image\/","url":"https:\/\/altaymountainlodge.com\/wp-content\/uploads\/2023\/07\/altay-logo-green-1.png","contentUrl":"https:\/\/altaymountainlodge.com\/wp-content\/uploads\/2023\/07\/altay-logo-green-1.png","width":297,"height":62,"caption":"Altay Mountain Lodge &amp; Yurts"},"image":{"@id":"https:\/\/altaymountainlodge.com\/#\/schema\/logo\/image\/"},"sameAs":["https:\/\/www.facebook.com\/altaylodge\/","https:\/\/www.instagram.com\/altaylodge\/"]}]}},"taxonomy_info":[],"featured_image_src_large":false,"author_info":{"display_name":"Mintsev","author_link":"https:\/\/altaymountainlodge.com\/fr\/author\/mintsev\/"},"comment_info":0,"ticketed":false,"_links":{"self":[{"href":"https:\/\/altaymountainlodge.com\/fr\/wp-json\/wp\/v2\/pages\/1817","targetHints":{"allow":["GET"]}}],"collection":[{"href":"https:\/\/altaymountainlodge.com\/fr\/wp-json\/wp\/v2\/pages"}],"about":[{"href":"https:\/\/altaymountainlodge.com\/fr\/wp-json\/wp\/v2\/types\/page"}],"author":[{"embeddable":true,"href":"https:\/\/altaymountainlodge.com\/fr\/wp-json\/wp\/v2\/users\/3"}],"replies":[{"embeddable":true,"href":"https:\/\/altaymountainlodge.com\/fr\/wp-json\/wp\/v2\/comments?post=1817"}],"version-history":[{"count":2,"href":"https:\/\/altaymountainlodge.com\/fr\/wp-json\/wp\/v2\/pages\/1817\/revisions"}],"predecessor-version":[{"id":1828,"href":"https:\/\/altaymountainlodge.com\/fr\/wp-json\/wp\/v2\/pages\/1817\/revisions\/1828"}],"wp:attachment":[{"href":"https:\/\/altaymountainlodge.com\/fr\/wp-json\/wp\/v2\/media?parent=1817"}],"curies":[{"name":"wp","href":"https:\/\/api.w.org\/{rel}","templated":true}]}}