{"id":1777,"date":"2023-05-28T09:50:24","date_gmt":"2023-05-28T03:50:24","guid":{"rendered":"https:\/\/altaymountainlodge.com\/booking-form\/"},"modified":"2024-07-26T15:47:29","modified_gmt":"2024-07-26T09:47:29","slug":"booking-form","status":"publish","type":"page","link":"https:\/\/altaymountainlodge.com\/fr\/booking-form\/","title":{"rendered":"Fiche de reservation"},"content":{"rendered":"\n<div class=\"wp-block-contact-form-7-contact-form-selector\">\n<div class=\"wpcf7 no-js\" id=\"wpcf7-f1964-o1\" lang=\"en-GB\" dir=\"ltr\" data-wpcf7-id=\"1964\">\n<div class=\"screen-reader-response\"><p role=\"status\" aria-live=\"polite\" aria-atomic=\"true\"><\/p> <ul><\/ul><\/div>\n<form action=\"\/fr\/wp-json\/wp\/v2\/pages\/1777#wpcf7-f1964-o1\" method=\"post\" class=\"wpcf7-form init wpcf7-acceptance-as-validation\" aria-label=\"Contact form\" novalidate=\"novalidate\" data-status=\"init\">\n<fieldset class=\"hidden-fields-container\"><input type=\"hidden\" name=\"_wpcf7\" value=\"1964\" \/><input type=\"hidden\" name=\"_wpcf7_version\" value=\"6.1.5\" \/><input type=\"hidden\" name=\"_wpcf7_locale\" value=\"en_GB\" \/><input type=\"hidden\" name=\"_wpcf7_unit_tag\" value=\"wpcf7-f1964-o1\" \/><input type=\"hidden\" name=\"_wpcf7_container_post\" value=\"0\" \/><input type=\"hidden\" name=\"_wpcf7_posted_data_hash\" value=\"\" \/><input type=\"hidden\" name=\"_wpcf7_recaptcha_response\" value=\"\" \/>\n<\/fieldset>\n<p><strong>Pour votre commodit\u00e9 et pour que votre voyage se d\u00e9roule aussi bien que possible, nous vous serions reconnaissants si vous et votre groupe remplissiez chacun ce formulaire.<\/strong>\n<\/p>\n<h3>D\u00e9tails personnels\n<\/h3>\n<div class=\"row\">\n\t<p class = \"col-md-6\"><label for=\"firstName\">Pr\u00e9nom:<\/label><span class=\"wpcf7-form-control-wrap\" data-name=\"your-first-name\"><input size=\"40\" maxlength=\"100\" class=\"wpcf7-form-control wpcf7-text\" id=\"firstName\" aria-invalid=\"false\" value=\"\" type=\"text\" name=\"your-first-name\" \/><\/span>\n\t<\/p>\n\t<p class = \"col-md-6\"><label for=\"lastName\">Nom:<\/label><span class=\"wpcf7-form-control-wrap\" data-name=\"your-last-name\"><input size=\"40\" maxlength=\"100\" class=\"wpcf7-form-control wpcf7-text\" id=\"lastName\" aria-invalid=\"false\" value=\"\" type=\"text\" name=\"your-last-name\" \/><\/span>\n\t<\/p>\n<\/div>\n<div class=\"row\">\n\t<p class = \"col-md-6\"><label for=\"dateOfBirth\">Date de naissance:<\/label><span class=\"wpcf7-form-control-wrap\" data-name=\"date-of-birth\"><input size=\"40\" maxlength=\"400\" class=\"wpcf7-form-control wpcf7-text textDate\" id=\"dateOfBirth\" aria-invalid=\"false\" value=\"\" type=\"text\" name=\"date-of-birth\" \/><\/span>\n\t<\/p>\n\t<p class = \"col-md-6\"><label for=\"sex\">Sexe:<\/label><span class=\"wpcf7-form-control-wrap\" data-name=\"sex\"><input size=\"40\" maxlength=\"400\" class=\"wpcf7-form-control wpcf7-text\" id=\"sex\" aria-invalid=\"false\" value=\"\" type=\"text\" name=\"sex\" \/><\/span>\n\t<\/p>\n<\/div>\n<div class=\"row\">\n\t<p class = \"col-md-6\"><label for=\"address\">Adresse:<\/label><span class=\"wpcf7-form-control-wrap\" data-name=\"your-address\"><input size=\"40\" maxlength=\"100\" class=\"wpcf7-form-control wpcf7-text\" id=\"address\" aria-invalid=\"false\" value=\"\" type=\"text\" name=\"your-address\" \/><\/span>\n\t<\/p>\n\t<p class = \"col-md-6\"><label for=\"city\">Ville:<\/label><span class=\"wpcf7-form-control-wrap\" data-name=\"your-city\"><input size=\"40\" maxlength=\"100\" class=\"wpcf7-form-control wpcf7-text\" id=\"city\" aria-invalid=\"false\" value=\"\" type=\"text\" name=\"your-city\" \/><\/span>\n\t<\/p>\n<\/div>\n<div class=\"row\">\n\t<p class = \"col-md-6\"><label for=\"country\">Pays:<\/label><span class=\"wpcf7-form-control-wrap\" data-name=\"your-country\"><input size=\"40\" maxlength=\"100\" class=\"wpcf7-form-control wpcf7-text\" id=\"country\" aria-invalid=\"false\" value=\"\" type=\"text\" name=\"your-country\" \/><\/span>\n\t<\/p>\n\t<p class = \"col-md-6\"><label for=\"postcode\">Code postal\/Zip:<\/label><span class=\"wpcf7-form-control-wrap\" data-name=\"your-postcode\"><input size=\"40\" maxlength=\"400\" class=\"wpcf7-form-control wpcf7-text\" id=\"postcode\" aria-invalid=\"false\" value=\"\" type=\"text\" name=\"your-postcode\" \/><\/span>\n\t<\/p>\n<\/div>\n<div class=\"row\">\n\t<p class = \"col-md-6\"><label for=\"phone\">T\u00e9l\u00e9phone (avec code pays):<\/label><span class=\"wpcf7-form-control-wrap\" data-name=\"your-tel\"><input size=\"40\" maxlength=\"400\" class=\"wpcf7-form-control wpcf7-text\" id=\"phone\" aria-invalid=\"false\" placeholder=\"+11 111 111 111\" value=\"\" type=\"text\" name=\"your-tel\" \/><\/span>\n\t<\/p>\n\t<p class = \"col-md-6\"><label for=\"email\">Votre email:<\/label><span class=\"wpcf7-form-control-wrap\" data-name=\"your-email\"><input size=\"40\" maxlength=\"400\" class=\"wpcf7-form-control wpcf7-email wpcf7-validates-as-required wpcf7-text wpcf7-validates-as-email\" id=\"email\" aria-required=\"true\" aria-invalid=\"false\" value=\"\" type=\"email\" name=\"your-email\" \/><\/span>\n\t<\/p>\n<\/div>\n<h3>Vos dates de programme\n<\/h3>\n<div class=\"row\">\n\t<p class=\"col-md-6\" style=\"margin-bottom: 32px;\"><span class=\"wpcf7-form-control-wrap\" data-name=\"season-dates\"><select class=\"wpcf7-form-control wpcf7-select\" id=\"season-dates\" aria-invalid=\"false\" name=\"season-dates\"><option value=\"\u2014 Veuillez choisir vos dates 25\/26 \u2014\">\u2014 Veuillez choisir vos dates 25\/26 \u2014<\/option><option value=\"novembre 22-29\">novembre 22-29<\/option><option value=\"d\u00e9cembre 29 \u2013 d\u00e9cembre 06\">d\u00e9cembre 29 \u2013 d\u00e9cembre 06<\/option><option value=\"d\u00e9cembre 06-13\">d\u00e9cembre 06-13<\/option><option value=\"d\u00e9cembre 13-20\">d\u00e9cembre 13-20<\/option><option value=\"d\u00e9cembre 20-27\">d\u00e9cembre 20-27<\/option><option value=\"d\u00e9cembre 27\u2013 janvier 03\">d\u00e9cembre 27\u2013 janvier 03<\/option><option value=\"janvier 03-10\">janvier 03-10<\/option><option value=\"janvier 10-17\">janvier 10-17<\/option><option value=\"janvier 17-24\">janvier 17-24<\/option><option value=\"janvier 24-31\">janvier 24-31<\/option><option value=\"Janvier 31 \u2013 f\u00e9vrier 07\">Janvier 31 \u2013 f\u00e9vrier 07<\/option><option value=\"f\u00e9vrier 07-14\">f\u00e9vrier 07-14<\/option><option value=\"f\u00e9vrier 14-21\">f\u00e9vrier 14-21<\/option><option value=\"f\u00e9vrier 21-28\">f\u00e9vrier 21-28<\/option><option value=\"f\u00e9vrier 28 \u2013 mars 07\">f\u00e9vrier 28 \u2013 mars 07<\/option><option value=\"mars 07-14\">mars 07-14<\/option><option value=\"mars 14-21\">mars 14-21<\/option><\/select><\/span>\n\t<\/p>\n<\/div>\n<div class=\"row\">\n\t<p class = \"col-md-6\"><label for=\"diet\">Avez-vous des exigences\/demandes alimentaires particuli\u00e8res?<\/label><span class=\"wpcf7-form-control-wrap\" data-name=\"special-diet\"><textarea cols=\"40\" rows=\"3\" maxlength=\"1000\" class=\"wpcf7-form-control wpcf7-textarea\" id=\"diet\" aria-invalid=\"false\" name=\"special-diet\"><\/textarea><\/span>\n\t<\/p>\n\t<p class = \"col-md-6\"><label for=\"medCondition\">Conditions m\u00e9dicales ou m\u00e9dicaments dont nous devons \u00eatre conscients:<\/label><span class=\"wpcf7-form-control-wrap\" data-name=\"medical-conditions\"><textarea cols=\"40\" rows=\"3\" maxlength=\"1000\" class=\"wpcf7-form-control wpcf7-textarea\" id=\"medCondition\" aria-invalid=\"false\" name=\"medical-conditions\"><\/textarea><\/span>\n\t<\/p>\n<\/div>\n<p class = \"radioButton\">Vous faites du ski ou du snowboard? <span class=\"wpcf7-form-control-wrap\" data-name=\"ski-or-snowboard\"><span class=\"wpcf7-form-control wpcf7-radio\"><span class=\"wpcf7-list-item first\"><label><input type=\"radio\" name=\"ski-or-snowboard\" value=\"Ski\" \/><span class=\"wpcf7-list-item-label\">Ski<\/span><\/label><\/span><span class=\"wpcf7-list-item last\"><label><input type=\"radio\" name=\"ski-or-snowboard\" value=\"Snowboard\" \/><span class=\"wpcf7-list-item-label\">Snowboard<\/span><\/label><\/span><\/span><\/span>\n<\/p>\n<p class = \"radioButton\">Quel est votre niveau de forme physique? <span class=\"wpcf7-form-control-wrap\" data-name=\"fitness-level\"><span class=\"wpcf7-form-control wpcf7-radio\"><span class=\"wpcf7-list-item first\"><label><input type=\"radio\" name=\"fitness-level\" value=\"Mauvais\" \/><span class=\"wpcf7-list-item-label\">Mauvais<\/span><\/label><\/span><span class=\"wpcf7-list-item\"><label><input type=\"radio\" name=\"fitness-level\" value=\"Moyen\" \/><span class=\"wpcf7-list-item-label\">Moyen<\/span><\/label><\/span><span class=\"wpcf7-list-item\"><label><input type=\"radio\" name=\"fitness-level\" value=\"Bon\" \/><span class=\"wpcf7-list-item-label\">Bon<\/span><\/label><\/span><span class=\"wpcf7-list-item last\"><label><input type=\"radio\" name=\"fitness-level\" value=\"Excellent\" \/><span class=\"wpcf7-list-item-label\">Excellent<\/span><\/label><\/span><\/span><\/span>\n<\/p>\n<p class = \"radioButton\">Quel est votre niveau en ski\/snowboard? <span class=\"wpcf7-form-control-wrap\" data-name=\"ability-level\"><span class=\"wpcf7-form-control wpcf7-radio\"><span class=\"wpcf7-list-item first\"><label><input type=\"radio\" name=\"ability-level\" value=\"Niveau 1\" \/><span class=\"wpcf7-list-item-label\">Niveau 1<\/span><\/label><\/span><span class=\"wpcf7-list-item\"><label><input type=\"radio\" name=\"ability-level\" value=\"Niveau 2\" \/><span class=\"wpcf7-list-item-label\">Niveau 2<\/span><\/label><\/span><span class=\"wpcf7-list-item\"><label><input type=\"radio\" name=\"ability-level\" value=\"Niveau 3\" \/><span class=\"wpcf7-list-item-label\">Niveau 3<\/span><\/label><\/span><span class=\"wpcf7-list-item last\"><label><input type=\"radio\" name=\"ability-level\" value=\"Niveau 4\" \/><span class=\"wpcf7-list-item-label\">Niveau 4<\/span><\/label><\/span><\/span><\/span>\n<\/p>\n<p class = \"explane\">Niveau 1 \u2013 Interm\u00e9diaire, vous avez d\u00e9j\u00e0 pratiqu\u00e9 le ski hors-piste, mais vous vous devez am\u00e9liorer votre technique hors-piste en terrain classique.\n<\/p>\n<p class = \"explane\">Niveau 2 \u2013 Comp\u00e9tent, vous savez skier sans trop de difficult\u00e9s dans la poudreuse, mais pas dans des conditions de neige difficile : lourde et tr\u00e8s humide, crout\u00e9e ou en visibilit\u00e9 r\u00e9duite. Des pentes de 40 degr\u00e9s peuvent vous causer des probl\u00e8mes.\n<\/p>\n<p class = \"explane\">Niveau 3 \u2013 Avanc\u00e9, vous pouvez effectuer des virages la neige lourde et sur des pentes glac\u00e9es de 40 degr\u00e9s, mais skier dans la croute bris\u00e9e et dans la neige fraiche en visibilit\u00e9 nulle restent un d\u00e9fi.\n<\/p>\n<p class = \"explane\">Niveau 4 \u2013 Expert, vous pouvez skier tous les types de neige, y compris les cro\u00fbtes, en gardant le contr\u00f4le, et vous \u00eates \u00e0 l'aise sur des pentes de 45 degr\u00e9s et dans la neige fraiche en visibilit\u00e9 nulle.\n<\/p>\n<h3>D\u00e9tails de l'assurance\n<\/h3>\n<p>\u00catre correctement assur\u00e9 est une condition pour r\u00e9server un voyage avec Altay Mountain Lodge & Yurts.\n<\/p>\n<div class = \"row\">\n\t<p class = \"col-md-6\"><label for=\"insurance\">Compagnie d'assurance, t\u00e9l\u00e9phone et e-mail:<\/label><span class=\"wpcf7-form-control-wrap\" data-name=\"insurance-company\"><input size=\"40\" maxlength=\"100\" class=\"wpcf7-form-control wpcf7-text\" id=\"insurance\" aria-invalid=\"false\" value=\"\" type=\"text\" name=\"insurance-company\" \/><\/span>\n\t<\/p>\n\t<p class = \"col-md-6\"><label for=\"policyNumber\">Num\u00e9ro de police:<\/label><span class=\"wpcf7-form-control-wrap\" data-name=\"police-number\"><input size=\"40\" maxlength=\"400\" class=\"wpcf7-form-control wpcf7-text\" id=\"policyNumber\" aria-invalid=\"false\" value=\"\" type=\"text\" name=\"police-number\" \/><\/span>\n\t<\/p>\n<\/div>\n<p>Si vous n'avez pas encore souscrit votre assurance, envoyez-nous les d\u00e9tails de la police au plus tard 60 jours avant le voyage\n<\/p>\n<h3>Coordonn\u00e9es en cas d'urgence\n<\/h3>\n<div class = \"row\">\n\t<p class = \"col-md-6\"><label for=\"emergency\">Personne \u00e0 contacter en cas d'urgence:<\/label><span class=\"wpcf7-form-control-wrap\" data-name=\"emergency-contact\"><input size=\"40\" maxlength=\"400\" class=\"wpcf7-form-control wpcf7-text\" id=\"emergency\" aria-invalid=\"false\" value=\"\" type=\"text\" name=\"emergency-contact\" \/><\/span>\n\t<\/p>\n\t<p class = \"col-md-6\"><label for=\"relationship\">Relation avec vous:<\/label><span class=\"wpcf7-form-control-wrap\" data-name=\"relationship-to-you\"><input size=\"40\" maxlength=\"100\" class=\"wpcf7-form-control wpcf7-text\" id=\"relationship\" aria-invalid=\"false\" value=\"\" type=\"text\" name=\"relationship-to-you\" \/><\/span>\n\t<\/p>\n<\/div>\n<div class = \"row\">\n\t<p class = \"col-md-6\"><label for=\"relatePhone\">T\u00e9l\u00e9phone:<\/label><span class=\"wpcf7-form-control-wrap\" data-name=\"relationship-telephone\"><input size=\"40\" maxlength=\"400\" class=\"wpcf7-form-control wpcf7-tel wpcf7-text wpcf7-validates-as-tel\" id=\"relatePhone\" aria-invalid=\"false\" placeholder=\"+11 111 111 111\" value=\"\" type=\"tel\" name=\"relationship-telephone\" \/><\/span>\n\t<\/p>\n\t<p class = \"col-md-6\"><label for=\"relateEmail\">E-mail:<\/label><span class=\"wpcf7-form-control-wrap\" data-name=\"relationship-email\"><input size=\"40\" maxlength=\"400\" class=\"wpcf7-form-control wpcf7-email wpcf7-text wpcf7-validates-as-email\" id=\"relateEmail\" aria-invalid=\"false\" value=\"\" type=\"email\" name=\"relationship-email\" \/><\/span>\n\t<\/p>\n<\/div>\n<h3><label for=\"comment\">Commentaires:<\/label>\n<\/h3>\n<div class = \"row\">\n\t<p class = \"col-md-6\"><span class=\"wpcf7-form-control-wrap\" data-name=\"comments\"><textarea cols=\"40\" rows=\"7\" maxlength=\"1000\" class=\"wpcf7-form-control wpcf7-textarea\" id=\"comment\" aria-invalid=\"false\" placeholder=\"Texte ici...\" name=\"comments\"><\/textarea><\/span>\n\t<\/p>\n<\/div>\n<h3>D\u00e9claration\n<\/h3>\n<p class = \"wpcf7-validation-custom\"><span class=\"wpcf7-form-control-wrap\" data-name=\"second-acceptance\"><span class=\"wpcf7-form-control wpcf7-acceptance\"><span class=\"wpcf7-list-item\"><input type=\"checkbox\" name=\"second-acceptance\" value=\"1\" aria-invalid=\"false\" \/><\/span><\/span><\/span> J'ai lu les informations contenues sur ce site web, ainsi que <a href = \"https:\/\/altaymountainlodge.com\/fr\/terms-conditions\/\" target=\"_blank\">les conditions g\u00e9n\u00e9rales<\/a>, et j'accepte toutes les conditions, proc\u00e9dures et politiques qui y sont \u00e9nonc\u00e9es*.\n<\/p>\n<p class = \"wpcf7-validation-custom\"><span class=\"wpcf7-form-control-wrap\" data-name=\"second-acceptance\"><span class=\"wpcf7-form-control wpcf7-acceptance\"><span class=\"wpcf7-list-item\"><input type=\"checkbox\" name=\"second-acceptance\" value=\"1\" aria-invalid=\"false\" \/><\/span><\/span><\/span> J'accepte que les donn\u00e9es saisies puissent \u00eatre utilis\u00e9es conform\u00e9ment \u00e0 la <a href = \"https:\/\/altaymountainlodge.com\/fr\/privacy-policy\/\" target=\"_blank\">politique de confidentialit\u00e9<\/a> d'Altay Mountain Lodge LLP*.\n<\/p>\n<p class = \"wpcf7-validation-custom\"><span class=\"wpcf7-form-control-wrap\" data-name=\"first-acceptance\"><span class=\"wpcf7-form-control wpcf7-acceptance\"><span class=\"wpcf7-list-item\"><input type=\"checkbox\" name=\"first-acceptance\" value=\"1\" aria-invalid=\"false\" \/><\/span><\/span><\/span> Les informations que j'ai fournies dans ce formulaire sont correctes*.\n<\/p>\n<p>* Champ obligatoire\n<\/p>\n<p>\n\n<\/p>\n<p><input class=\"wpcf7-form-control wpcf7-submit has-spinner\" type=\"submit\" value=\"Envoyer\" \/>\n<\/p><div class=\"wpcf7-response-output\" aria-hidden=\"true\"><\/div>\n<\/form>\n<\/div>\n<\/div>\n","protected":false},"excerpt":{"rendered":"","protected":false},"author":2,"featured_media":0,"parent":0,"menu_order":0,"comment_status":"closed","ping_status":"closed","template":"","meta":{"_kad_blocks_custom_css":"","_kad_blocks_head_custom_js":"","_kad_blocks_body_custom_js":"","_kad_blocks_footer_custom_js":"","_price":"","_stock":"","_tribe_ticket_header":"","_tribe_default_ticket_provider":"","_tribe_ticket_capacity":"0","_ticket_start_date":"","_ticket_end_date":"","_tribe_ticket_show_description":"","_tribe_ticket_show_not_going":false,"_tribe_ticket_use_global_stock":"","_tribe_ticket_global_stock_level":"","_global_stock_mode":"","_global_stock_cap":"","_tribe_rsvp_for_event":"","_tribe_ticket_going_count":"","_tribe_ticket_not_going_count":"","_tribe_tickets_list":"[]","_tribe_ticket_has_attendee_info_fields":false,"_kadence_starter_templates_imported_post":false,"_kad_post_transparent":"","_kad_post_title":"","_kad_post_layout":"","_kad_post_sidebar_id":"","_kad_post_content_style":"","_kad_post_vertical_padding":"","_kad_post_feature":"","_kad_post_feature_position":"","_kad_post_header":false,"_kad_post_footer":false,"_kad_post_classname":"","footnotes":"","_tec_slr_enabled":"","_tec_slr_layout":""},"class_list":["post-1777","page","type-page","status-publish","hentry"],"yoast_head":"<!-- This site is optimized with the Yoast SEO plugin v27.3 - https:\/\/yoast.com\/product\/yoast-seo-wordpress\/ -->\n<title>Fiche de reservation - Altay Mountain Lodge &amp; Yurts<\/title>\n<meta name=\"robots\" content=\"index, follow, max-snippet:-1, max-image-preview:large, max-video-preview:-1\" \/>\n<link rel=\"canonical\" href=\"https:\/\/altaymountainlodge.com\/booking-form\/\" \/>\n<meta property=\"og:locale\" content=\"fr_FR\" \/>\n<meta property=\"og:type\" content=\"article\" \/>\n<meta property=\"og:title\" content=\"Fiche de reservation - Altay Mountain Lodge &amp; Yurts\" \/>\n<meta property=\"og:url\" content=\"https:\/\/altaymountainlodge.com\/booking-form\/\" \/>\n<meta property=\"og:site_name\" content=\"Altay Mountain Lodge &amp; Yurts\" \/>\n<meta property=\"article:publisher\" content=\"https:\/\/www.facebook.com\/altaylodge\/\" \/>\n<meta property=\"article:modified_time\" content=\"2024-07-26T09:47:29+00:00\" \/>\n<meta property=\"og:image\" content=\"https:\/\/altaymountainlodge.com\/wp-content\/uploads\/2023\/07\/aml_web_27.jpg\" \/>\n\t<meta property=\"og:image:width\" content=\"1500\" \/>\n\t<meta property=\"og:image:height\" content=\"1000\" \/>\n\t<meta property=\"og:image:type\" content=\"image\/jpeg\" \/>\n<meta name=\"twitter:card\" content=\"summary_large_image\" \/>\n<meta name=\"twitter:label1\" content=\"Dur\u00e9e de lecture estim\u00e9e\" \/>\n\t<meta name=\"twitter:data1\" content=\"1 minute\" \/>\n<script type=\"application\/ld+json\" class=\"yoast-schema-graph\">{\"@context\":\"https:\\\/\\\/schema.org\",\"@graph\":[{\"@type\":\"WebPage\",\"@id\":\"https:\\\/\\\/altaymountainlodge.com\\\/booking-form\\\/\",\"url\":\"https:\\\/\\\/altaymountainlodge.com\\\/booking-form\\\/\",\"name\":\"Fiche de reservation - Altay Mountain Lodge &amp; Yurts\",\"isPartOf\":{\"@id\":\"https:\\\/\\\/altaymountainlodge.com\\\/#website\"},\"datePublished\":\"2023-05-28T03:50:24+00:00\",\"dateModified\":\"2024-07-26T09:47:29+00:00\",\"breadcrumb\":{\"@id\":\"https:\\\/\\\/altaymountainlodge.com\\\/booking-form\\\/#breadcrumb\"},\"inLanguage\":\"fr-FR\",\"potentialAction\":[{\"@type\":\"ReadAction\",\"target\":[\"https:\\\/\\\/altaymountainlodge.com\\\/booking-form\\\/\"]}]},{\"@type\":\"BreadcrumbList\",\"@id\":\"https:\\\/\\\/altaymountainlodge.com\\\/booking-form\\\/#breadcrumb\",\"itemListElement\":[{\"@type\":\"ListItem\",\"position\":1,\"name\":\"Home\",\"item\":\"https:\\\/\\\/altaymountainlodge.com\\\/fr\\\/\"},{\"@type\":\"ListItem\",\"position\":2,\"name\":\"Fiche de reservation\"}]},{\"@type\":\"WebSite\",\"@id\":\"https:\\\/\\\/altaymountainlodge.com\\\/#website\",\"url\":\"https:\\\/\\\/altaymountainlodge.com\\\/\",\"name\":\"Altay Mountain Lodge &amp; Yurts\",\"description\":\"Exploratory skitouring in the wilderness of Altay Mountains\",\"publisher\":{\"@id\":\"https:\\\/\\\/altaymountainlodge.com\\\/#organization\"},\"potentialAction\":[{\"@type\":\"SearchAction\",\"target\":{\"@type\":\"EntryPoint\",\"urlTemplate\":\"https:\\\/\\\/altaymountainlodge.com\\\/?s={search_term_string}\"},\"query-input\":{\"@type\":\"PropertyValueSpecification\",\"valueRequired\":true,\"valueName\":\"search_term_string\"}}],\"inLanguage\":\"fr-FR\"},{\"@type\":\"Organization\",\"@id\":\"https:\\\/\\\/altaymountainlodge.com\\\/#organization\",\"name\":\"Altay Mountain Lodge &amp; Yurts\",\"url\":\"https:\\\/\\\/altaymountainlodge.com\\\/\",\"logo\":{\"@type\":\"ImageObject\",\"inLanguage\":\"fr-FR\",\"@id\":\"https:\\\/\\\/altaymountainlodge.com\\\/#\\\/schema\\\/logo\\\/image\\\/\",\"url\":\"https:\\\/\\\/altaymountainlodge.com\\\/wp-content\\\/uploads\\\/2023\\\/07\\\/altay-logo-green-1.png\",\"contentUrl\":\"https:\\\/\\\/altaymountainlodge.com\\\/wp-content\\\/uploads\\\/2023\\\/07\\\/altay-logo-green-1.png\",\"width\":297,\"height\":62,\"caption\":\"Altay Mountain Lodge &amp; Yurts\"},\"image\":{\"@id\":\"https:\\\/\\\/altaymountainlodge.com\\\/#\\\/schema\\\/logo\\\/image\\\/\"},\"sameAs\":[\"https:\\\/\\\/www.facebook.com\\\/altaylodge\\\/\",\"https:\\\/\\\/www.instagram.com\\\/altaylodge\\\/\"]}]}<\/script>\n<!-- \/ Yoast SEO plugin. -->","yoast_head_json":{"title":"Fiche de reservation - Altay Mountain Lodge &amp; Yurts","robots":{"index":"index","follow":"follow","max-snippet":"max-snippet:-1","max-image-preview":"max-image-preview:large","max-video-preview":"max-video-preview:-1"},"canonical":"https:\/\/altaymountainlodge.com\/booking-form\/","og_locale":"fr_FR","og_type":"article","og_title":"Fiche de reservation - Altay Mountain Lodge &amp; Yurts","og_url":"https:\/\/altaymountainlodge.com\/booking-form\/","og_site_name":"Altay Mountain Lodge &amp; Yurts","article_publisher":"https:\/\/www.facebook.com\/altaylodge\/","article_modified_time":"2024-07-26T09:47:29+00:00","og_image":[{"width":1500,"height":1000,"url":"https:\/\/altaymountainlodge.com\/wp-content\/uploads\/2023\/07\/aml_web_27.jpg","type":"image\/jpeg"}],"twitter_card":"summary_large_image","twitter_misc":{"Dur\u00e9e de lecture estim\u00e9e":"1 minute"},"schema":{"@context":"https:\/\/schema.org","@graph":[{"@type":"WebPage","@id":"https:\/\/altaymountainlodge.com\/booking-form\/","url":"https:\/\/altaymountainlodge.com\/booking-form\/","name":"Fiche de reservation - Altay Mountain Lodge &amp; Yurts","isPartOf":{"@id":"https:\/\/altaymountainlodge.com\/#website"},"datePublished":"2023-05-28T03:50:24+00:00","dateModified":"2024-07-26T09:47:29+00:00","breadcrumb":{"@id":"https:\/\/altaymountainlodge.com\/booking-form\/#breadcrumb"},"inLanguage":"fr-FR","potentialAction":[{"@type":"ReadAction","target":["https:\/\/altaymountainlodge.com\/booking-form\/"]}]},{"@type":"BreadcrumbList","@id":"https:\/\/altaymountainlodge.com\/booking-form\/#breadcrumb","itemListElement":[{"@type":"ListItem","position":1,"name":"Home","item":"https:\/\/altaymountainlodge.com\/fr\/"},{"@type":"ListItem","position":2,"name":"Fiche de reservation"}]},{"@type":"WebSite","@id":"https:\/\/altaymountainlodge.com\/#website","url":"https:\/\/altaymountainlodge.com\/","name":"Altay Mountain Lodge &amp; Yurts","description":"Exploratory skitouring in the wilderness of Altay Mountains","publisher":{"@id":"https:\/\/altaymountainlodge.com\/#organization"},"potentialAction":[{"@type":"SearchAction","target":{"@type":"EntryPoint","urlTemplate":"https:\/\/altaymountainlodge.com\/?s={search_term_string}"},"query-input":{"@type":"PropertyValueSpecification","valueRequired":true,"valueName":"search_term_string"}}],"inLanguage":"fr-FR"},{"@type":"Organization","@id":"https:\/\/altaymountainlodge.com\/#organization","name":"Altay Mountain Lodge &amp; Yurts","url":"https:\/\/altaymountainlodge.com\/","logo":{"@type":"ImageObject","inLanguage":"fr-FR","@id":"https:\/\/altaymountainlodge.com\/#\/schema\/logo\/image\/","url":"https:\/\/altaymountainlodge.com\/wp-content\/uploads\/2023\/07\/altay-logo-green-1.png","contentUrl":"https:\/\/altaymountainlodge.com\/wp-content\/uploads\/2023\/07\/altay-logo-green-1.png","width":297,"height":62,"caption":"Altay Mountain Lodge &amp; Yurts"},"image":{"@id":"https:\/\/altaymountainlodge.com\/#\/schema\/logo\/image\/"},"sameAs":["https:\/\/www.facebook.com\/altaylodge\/","https:\/\/www.instagram.com\/altaylodge\/"]}]}},"taxonomy_info":[],"featured_image_src_large":false,"author_info":{"display_name":"Anastasiia Abbakumova","author_link":"https:\/\/altaymountainlodge.com\/fr\/author\/abbakumova\/"},"comment_info":0,"ticketed":false,"_links":{"self":[{"href":"https:\/\/altaymountainlodge.com\/fr\/wp-json\/wp\/v2\/pages\/1777","targetHints":{"allow":["GET"]}}],"collection":[{"href":"https:\/\/altaymountainlodge.com\/fr\/wp-json\/wp\/v2\/pages"}],"about":[{"href":"https:\/\/altaymountainlodge.com\/fr\/wp-json\/wp\/v2\/types\/page"}],"author":[{"embeddable":true,"href":"https:\/\/altaymountainlodge.com\/fr\/wp-json\/wp\/v2\/users\/2"}],"replies":[{"embeddable":true,"href":"https:\/\/altaymountainlodge.com\/fr\/wp-json\/wp\/v2\/comments?post=1777"}],"version-history":[{"count":3,"href":"https:\/\/altaymountainlodge.com\/fr\/wp-json\/wp\/v2\/pages\/1777\/revisions"}],"predecessor-version":[{"id":1965,"href":"https:\/\/altaymountainlodge.com\/fr\/wp-json\/wp\/v2\/pages\/1777\/revisions\/1965"}],"wp:attachment":[{"href":"https:\/\/altaymountainlodge.com\/fr\/wp-json\/wp\/v2\/media?parent=1777"}],"curies":[{"name":"wp","href":"https:\/\/api.w.org\/{rel}","templated":true}]}}